{"id":43,"date":"2022-09-27T18:06:36","date_gmt":"2022-09-27T18:06:36","guid":{"rendered":"https:\/\/purehealthstore.eu\/?product=handcreme-bloemen-evergetikon"},"modified":"2024-12-30T17:16:24","modified_gmt":"2024-12-30T17:16:24","slug":"handcreme-bloemen-evergetikon","status":"publish","type":"product","link":"https:\/\/purehealthstore.eu\/dk\/shop\/handcreme-bloemen-evergetikon\/","title":{"rendered":"Hand- en Lichaamscr\u00e8me Jasmijn &#8211; Evergetikon"},"content":{"rendered":"<p>Monoi-olie zijn Tahitiaanse bloemblaadjes gedrenkt in kokosolie.\u00a0Het is de nationale plant van Frans-Polynesi\u00eb.\u00a0Eeuwenlang gebruikten Polynesi\u00ebrs deze olie om pasgeborenen te zalven en op hun huid en haar aan te brengen, waardoor ze werden gehydrateerd en gevoed.\u00a0Mono\u00ef-olie wordt vandaag de dag nog steeds zeer gewaardeerd omdat het veel eiwitten en mineralen bevat en bijzonder geschikt is voor de huid, het haar en de hoofdhuid.<\/p>\n<p>Bijenwas fungeert als een natuurlijke beschermlaag van de huid, voorkomt dat de huid vocht verliest en helpt tegelijkertijd de elasticiteit van de huid te behouden.\u00a0Bijenwas wordt gebruikt bij de verzorging van een droge of gevoelige huid om jeuk te verminderen.\u00a0Bijenwas bevat veel antiseptische, ontstekingsremmende, schimmelwerende, genezende, verzachtende en hydraterende eigenschappen, zodat het kan worden gebruikt om huidirritaties te behandelen.<\/p>\n<p>Voedende handcr\u00e8me ruikt naar bloemen, dus ideaal om verdriet te verheffen en te verdrijven.\u00a0Jasmijn, damastroosbloemen, geranium en essenti\u00eble olie van ylang-ylang &#8211; bloemen uit het zonnige Griekenland, heldere en gedenkwaardige geuren, een van de sterkste afrodisiaca.\u00a0Afrodisiacum essenti\u00eble oli\u00ebn ontspannen en brengen je in een romantische stemming.\u00a0Essenti\u00eble oli\u00ebn voor aromatherapie voegen niet alleen geur toe aan cosmetica, maar hebben ook uitstekende hydraterende, antibacteri\u00eble en antiseptische eigenschappen.<\/p>\n<p><strong>Anvendelse:\u00a0<\/strong>\u00a0breng een kleine hoeveelheid VOEDENDE HANDCR\u00c8ME &#8220;Jazminas&#8221; aan op schone handen en huid van het hele lichaam.\u00a0Een droge huid heeft zowel hydratatie als voeding nodig, dus je bereikt het beste resultaat als je het op natte handen aanbrengt.\u00a0De handcr\u00e8me is geconcentreerd, dus een kleine hoeveelheid is voldoende.<\/p>\n<p><strong>Ingredienser:\u00a0<\/strong>\u00a0\u00a0Olea Europaea (olijf) fruitolie &#8220;Kretenzische&#8221; extra vierge olijfolie, Prunus Amygdalus Dulcis (zoete amandel) olie (amandelolie), Cera Alba (bijenwas), Simmondsia Chinensis (Jojoba) zaadolie, Butyrospermum Parkii (Shea Butter) , Cocos Nucifera (kokosnoot) olie-Tiare Gardenia tahitensis bloem (monoi-olie), tocoferolacetaat (vitamine E), Rosmarinus Officinalis (rozemarijn) bladextract, Jasminum Officinale (jasmijn), Rosa Damascena-bloemolie, Pelargonium Graveolens-olie (geraniumolie) , Cananga Odorata-bloemolie (Ylang Ylang-olie).<\/p>","protected":false},"excerpt":{"rendered":"<p>Natuurlijke handcr\u00e8me, sterk voedend en hydraterend, geparfumeerd met koninklijke bloemen.\u00a0Extra vierge olijfolie uit Griekenland, jojoba-olie (jojoba-olie), monoi-olie zijn de hoofdingredi\u00ebnten van de cr\u00e8me, die veel mineralen bevatten die nodig zijn voor een schrale huid.\u00a0De Grieken beschermden zichzelf te allen tijde met olie tegen hitte, wind en harde wind in bergachtige gebieden.\u00a0Een droge huid, gevoed met natuurlijke remedies, begint te herstellen en wordt bij langdurig gebruik sterker en resistenter.\u00a0Kwaliteit olijfolie bevat veel vitamine E en vetzuren.\u00a0Vitamine E is een krachtige antioxidant die huidveroudering tegengaat, de huid diep voedt en hydrateert.\u00a0Geschikt voor alle huidtypes.\u00a0Geeft het gezicht en lichaam zachtheid en zijdeachtige glans.<\/p>","protected":false},"featured_media":42,"comment_status":"open","ping_status":"closed","template":"","meta":[],"product_cat":[27,28,17],"product_tag":[],"class_list":{"0":"post-43","1":"product","2":"type-product","3":"status-publish","4":"has-post-thumbnail","6":"product_cat-natuurlijke-handcreme","7":"product_cat-handen-voeten","8":"product_cat-lichaamsverzorging","10":"first","11":"instock","12":"shipping-taxable","13":"purchasable","14":"product-type-simple"},"_links":{"self":[{"href":"https:\/\/purehealthstore.eu\/dk\/wp-json\/wp\/v2\/product\/43","targetHints":{"allow":["GET"]}}],"collection":[{"href":"https:\/\/purehealthstore.eu\/dk\/wp-json\/wp\/v2\/product"}],"about":[{"href":"https:\/\/purehealthstore.eu\/dk\/wp-json\/wp\/v2\/types\/product"}],"replies":[{"embeddable":true,"href":"https:\/\/purehealthstore.eu\/dk\/wp-json\/wp\/v2\/comments?post=43"}],"wp:featuredmedia":[{"embeddable":true,"href":"https:\/\/purehealthstore.eu\/dk\/wp-json\/wp\/v2\/media\/42"}],"wp:attachment":[{"href":"https:\/\/purehealthstore.eu\/dk\/wp-json\/wp\/v2\/media?parent=43"}],"wp:term":[{"taxonomy":"product_cat","embeddable":true,"href":"https:\/\/purehealthstore.eu\/dk\/wp-json\/wp\/v2\/product_cat?post=43"},{"taxonomy":"product_tag","embeddable":true,"href":"https:\/\/purehealthstore.eu\/dk\/wp-json\/wp\/v2\/product_tag?post=43"}],"curies":[{"name":"wp","href":"https:\/\/api.w.org\/{rel}","templated":true}]}}