{"id":345,"date":"2022-09-11T13:49:00","date_gmt":"2022-09-11T13:49:00","guid":{"rendered":"https:\/\/purehealthstore.eu\/?product=natuurlijk-gezichtsserum"},"modified":"2025-02-06T12:27:00","modified_gmt":"2025-02-06T12:27:00","slug":"natuurlijk-gezichtsserum","status":"publish","type":"product","link":"https:\/\/purehealthstore.eu\/dk\/shop\/natuurlijk-gezichtsserum\/","title":{"rendered":"Alo\u00eb Vera serum &#8211; Evergetikon"},"content":{"rendered":"<p><strong>Anti-Rimpel Serum met Alo\u00eb Vera en Neroli &#8211; Revitalisatie &amp; Herstel<\/strong><\/p>\n<p>Ervaar een stralende, jeugdige huid met het Anti-Rimpel Serum op basis van Alo\u00eb Vera en Neroli.<\/p>\n<p>Dit serum vermindert zichtbaar de oppervlakte en diepte van rimpels door alle huidlagen gericht te voeden en te hydrateren. Het helpt de huid te verjongen en behoudt haar frisheid en elasticiteit.<\/p>\n<p>Ingredi\u00ebnten zoals alo\u00eb vera, labdanum en kamperfoelie dringen diep door in de huid, voorzien deze van essenti\u00eble hydratatie en ondersteunen de celvernieuwing, waardoor rimpels verminderen en de huid weer kan stralen.<\/p>\n<p>Het serum bevordert de stevigheid van de huid en zorgt voor een gladde, verfijnde teint. Labdanum en neroli staan bekend om hun krachtige anti-rimpel werking, waardoor je huid een zichtbaar jeugdigere uitstraling krijgt.<\/p>\n<p><strong>Gebruik<\/strong>: Breng dagelijks het serum aan onder een <a href=\"https:\/\/purehealthstore.nl\/categorie\/natuurlijke-gezichtsverzorging\/natuurlijke-gezichtscreme\/\">gezichtscr\u00e8me<\/a>\u00a0voor een optimaal resultaat en maximale verzorging.<\/p>","protected":false},"excerpt":{"rendered":"<ul>\n<li>Helpt de huid fris en elastisch te houden<\/li>\n<li>Vermindert rimpels en helpt de huid te regenereren<\/li>\n<li>Het serum verhoogt de stevigheid en maakt de huid glad<\/li>\n<\/ul>","protected":false},"featured_media":344,"comment_status":"open","ping_status":"closed","template":"","meta":[],"product_cat":[58,131,23],"product_tag":[],"class_list":{"0":"post-345","1":"product","2":"type-product","3":"status-publish","4":"has-post-thumbnail","6":"product_cat-aloe-vera","7":"product_cat-gezichtsserum","8":"product_cat-natuurlijke-gezichtsverzorging","10":"first","11":"instock","12":"shipping-taxable","13":"purchasable","14":"product-type-simple"},"_links":{"self":[{"href":"https:\/\/purehealthstore.eu\/dk\/wp-json\/wp\/v2\/product\/345","targetHints":{"allow":["GET"]}}],"collection":[{"href":"https:\/\/purehealthstore.eu\/dk\/wp-json\/wp\/v2\/product"}],"about":[{"href":"https:\/\/purehealthstore.eu\/dk\/wp-json\/wp\/v2\/types\/product"}],"replies":[{"embeddable":true,"href":"https:\/\/purehealthstore.eu\/dk\/wp-json\/wp\/v2\/comments?post=345"}],"wp:featuredmedia":[{"embeddable":true,"href":"https:\/\/purehealthstore.eu\/dk\/wp-json\/wp\/v2\/media\/344"}],"wp:attachment":[{"href":"https:\/\/purehealthstore.eu\/dk\/wp-json\/wp\/v2\/media?parent=345"}],"wp:term":[{"taxonomy":"product_cat","embeddable":true,"href":"https:\/\/purehealthstore.eu\/dk\/wp-json\/wp\/v2\/product_cat?post=345"},{"taxonomy":"product_tag","embeddable":true,"href":"https:\/\/purehealthstore.eu\/dk\/wp-json\/wp\/v2\/product_tag?post=345"}],"curies":[{"name":"wp","href":"https:\/\/api.w.org\/{rel}","templated":true}]}}