{"id":34,"date":"2022-09-18T18:08:49","date_gmt":"2022-09-18T18:08:49","guid":{"rendered":"https:\/\/purehealthstore.eu\/?product=zeepbar-olijfzeep-kamille-evergetikon"},"modified":"2025-04-04T06:28:37","modified_gmt":"2025-04-04T06:28:37","slug":"zeepbar-olijfzeep-kamille-evergetikon","status":"publish","type":"product","link":"https:\/\/purehealthstore.eu\/dk\/shop\/zeepbar-olijfzeep-kamille-evergetikon\/","title":{"rendered":"Zeepbar olijfzeep &amp; kamille &#8211; Evergetikon"},"content":{"rendered":"<p><span>De belangrijkste ingredi\u00ebnten van de zeep zijn hydraterende en reinigende essenti\u00eble oli\u00ebn uit de rijke natuur van Griekenland.\u00a0Dit zijn Kretenzische olijfolie van eerste persing, essenti\u00eble lavendelolie, calendula, kokosnoot, amandelolie, kruidenextracten, alo\u00eb vera.\u00a0Ze zorgen voor een diepe reiniging, hydrateren de huid en helpen deze te regenereren.\u00a0Alle oli\u00ebn behouden al hun gunstige eigenschappen, omdat de zeep koud wordt gemaakt en de etherische oli\u00ebn niet worden verwarmd.<\/span><\/p>\n<p><span>Natuurlijke zeep geschikt voor gezicht en lichaam, huidverzorging voor het hele gezin.<\/span><\/p>\n<h3><span>KAMILLE VOORDELEN VOOR DE HUID EN ANDERE ZEEPINGREDI\u00cbNTEN<\/span><\/h3>\n<p><span>Kamille-extract kalmeert de ge\u00efrriteerde huid, verzacht deze en heeft een ontstekingsremmende werking.\u00a0Daarom is het een bijzonder uitstekend cosmetisch ingredi\u00ebnt voor mensen met een gevoelige huid die vatbaar is voor dermatitis.\u00a0Kamille-extract is rijk aan vitamine C, B en andere sporenelementen die de huid hydrateren en verzachten.\u00a0Kamille is antibacterieel en behandelt dus de huid die gevoelig is voor acne.\u00a0Zachte en ontspannende kamille verzacht kleine irritaties, verzacht en verheldert de huid.\u00a0Het heeft antiseptische en ontstekingsremmende eigenschappen en kan helpen bij de behandeling van kleine huiduitslag, puistjes en jeukende huid.\u00a0Geschikt voor de gevoelige en droge huid.<\/span><\/p>\n<p><span>Calendula-extract is gunstig voor de schilferige, ge\u00efrriteerde, gevoelige huid.\u00a0Het herstelt de vochtbalans, kalmeert, verbetert de weerstand van de huid tegen chemische irriterende stoffen uit de omgeving, verzacht en vertraagt \u200b\u200bde veroudering.\u00a0Calendula heeft gunstige ontstekingsremmende eigenschappen en heeft een kalmerende werking.\u00a0Het wordt al eeuwenlang gebruikt om wonden, brandwonden en huiduitslag te behandelen.\u00a0Geeft de huid zachtheid en elasticiteit.\u00a0Speciaal geschikt voor de gevoelige huid en milde huidirritaties, verrijkt met vitamine A, B1, B2, C en E verzacht krassen, snijwonden en beten<\/span><\/p>\n<p><span>Alo\u00eb\u00a0<\/span><em><span>vera<\/span><\/em><span>\u00a0heeft een sterk hydraterende werking op de huid, geeft deze een glans en bevordert de bloedcirculatie.<\/span><\/p>\n<p><span>Natuurlijke handgemaakte zeep gemaakt van natuurlijke ingredi\u00ebnten is geschikt voor het hele gezin en bevat geen parabenen, sulfaten, ftalaten, muskusxyleen, ethanolaminen en andere chemische conserveermiddelen en additieven.<\/span><\/p>\n<p><strong><span>Ingredienser:\u00a0<\/span><\/strong><em><span>Olea Europaea (olijf) fruitolie \u201dKretenzische extra vierge olijfolie, CocosNucifera (kokos) olie, Aqua, natriumhydroxide, Prunus Amygdalus Dulcis (zoete amandel) olie, calendula officinalis bloemenextract, Alo\u00eb barbadensls bladsap, kamillebloemen.<\/span><\/em><\/p>","protected":false},"excerpt":{"rendered":"<p>Natuurlijke zeep gemaakt van hoogwaardige plantaardige oli\u00ebn voor een fris gezicht en lichaam!\u00a0Handgemaakte zeep die de beste hydraterende en reinigende eigenschappen behoudt.\u00a0Het is niet voor niets dat Griekse producenten de beste kwaliteit etherische oli\u00ebn selecteren en zeep maken.\u00a0Het werkte prima en dit wordt bewezen door de zeer goede beoordeling van het product door het State General Laboratory van Griekenland.<\/p>","protected":false},"featured_media":33,"comment_status":"open","ping_status":"closed","template":"","meta":[],"product_cat":[18,19],"product_tag":[],"class_list":{"0":"post-34","1":"product","2":"type-product","3":"status-publish","4":"has-post-thumbnail","6":"product_cat-natuurlijke-zeep","7":"product_cat-olijfzeep","9":"first","10":"instock","11":"shipping-taxable","12":"purchasable","13":"product-type-simple"},"_links":{"self":[{"href":"https:\/\/purehealthstore.eu\/dk\/wp-json\/wp\/v2\/product\/34","targetHints":{"allow":["GET"]}}],"collection":[{"href":"https:\/\/purehealthstore.eu\/dk\/wp-json\/wp\/v2\/product"}],"about":[{"href":"https:\/\/purehealthstore.eu\/dk\/wp-json\/wp\/v2\/types\/product"}],"replies":[{"embeddable":true,"href":"https:\/\/purehealthstore.eu\/dk\/wp-json\/wp\/v2\/comments?post=34"}],"wp:featuredmedia":[{"embeddable":true,"href":"https:\/\/purehealthstore.eu\/dk\/wp-json\/wp\/v2\/media\/33"}],"wp:attachment":[{"href":"https:\/\/purehealthstore.eu\/dk\/wp-json\/wp\/v2\/media?parent=34"}],"wp:term":[{"taxonomy":"product_cat","embeddable":true,"href":"https:\/\/purehealthstore.eu\/dk\/wp-json\/wp\/v2\/product_cat?post=34"},{"taxonomy":"product_tag","embeddable":true,"href":"https:\/\/purehealthstore.eu\/dk\/wp-json\/wp\/v2\/product_tag?post=34"}],"curies":[{"name":"wp","href":"https:\/\/api.w.org\/{rel}","templated":true}]}}