{"id":331,"date":"2022-09-11T14:12:39","date_gmt":"2022-09-11T14:12:39","guid":{"rendered":"https:\/\/purehealthstore.eu\/?product=natuurlijke-lippenbalsem-chocolade-evergetikon"},"modified":"2025-02-23T20:33:17","modified_gmt":"2025-02-23T20:33:17","slug":"natuurlijke-lippenbalsem-chocolade-evergetikon","status":"publish","type":"product","link":"https:\/\/purehealthstore.eu\/dk\/shop\/natuurlijke-lippenbalsem-chocolade-evergetikon\/","title":{"rendered":"Naturlig l\u00e6bepomade med chokolade - Evergetikon"},"content":{"rendered":"<p><span lang=\"LT\">Zachte en gemakkelijk opneembare boterboomolie (Sheaboter) is uiterst nuttig bij de lipverzorging vanwege de genezende en verzachtende eigenschappen.\u00a0Boterboom- of sheaboomolie is rijk aan vitamine A, E, F en andere nuttige stoffen die de huid voeden en sterk hydrateren.\u00a0De huid wordt elastisch.\u00a0Boterboomolie is uiterst gunstig voor de rijpe huid en wordt gewaardeerd als ingredi\u00ebnt bij de productie van lipverzorgingsproducten.<\/span><\/p>\n<p>Evergetikon lippenbalsem met bijenwas, die cosmetica het vermogen geeft om ze te beschermen tegen verdamping van vocht door de huid te bedekken met een beschermende natuurlijke film wanneer ongunstige weersomstandigheden onze huid aantasten.\u00a0Bijenwas bevat, indien rauw, een kleine maar aanzienlijke hoeveelheid propolis.\u00a0Propolis, ook wel bekend als bijenpek, is een natuurlijk antibioticum uit de natuur dat kan helpen en beschermen tegen virussen.<\/p>\n<p><span lang=\"LT\">Andere natuurlijke ingredi\u00ebnten vullen het product aan met hun sterke eigenschappen, ze zijn uiterst zacht en niet irriterend en dus ook geschikt voor kinderen.\u00a0Dit lipverzorgingsproduct kan uitgroeien tot de beste lippenbalsem voor je lippen, omdat er alleen hoogwaardige ongeraffineerde oli\u00ebn worden gebruikt, het meest geschikt voor de dagelijkse verzorging.<\/span><\/p>\n<p><strong><span lang=\"LT\">S\u00e5dan bruger du den:\u00a0<\/span><\/strong><span lang=\"LT\">\u00a0Breng indien nodig voorzichtig een kleine hoeveelheid aan op de lippen, geschikt voor dagelijks gebruik.\u00a0Voor extreem gebarsten, vermoeide lippen raden we aan om samen een lippenscrub te gebruiken &#8211; Evergetikon &#8220;Gentle Face Scrub met abrikozenstenen&#8221;, die de huid van de lippen voorbereidt, dode cellen exfolieert en een gemakkelijkere opname van nuttige stoffen mogelijk maakt.<\/span><\/p>\n<p><strong><span lang=\"LT\">Ingredienser:\u00a0<\/span><\/strong><span lang=\"LT\">\u00a0Butyrospermum Parkii (Sheaboter), Cera Alba (bijenwas), Prunus Amygdalus Dulcis (zoete amandel) olie (amandelolie), Europaea (olijf) fruitolie \u201cKretenzische\u201d extra vierge olijfolie, Theobroma Cacao (cacao) zaadboter, Rosmarinus Officinalis (Rozemarijn) Bladextract,<a name=\"_Hlk25314039\"><\/a>Chocoladesmaak, Tocoferolacetaat (vitamine E).<\/span><\/p>","protected":false},"excerpt":{"rendered":"<p>Den naturlige l\u00e6bepomade er udelukkende fremstillet af naturlige koldpressede olier, som er yderst gavnlige for tynde og f\u00f8lsomme l\u00e6ber. De gavnlige ingredienser heler revner og spr\u00e6kker, og ved l\u00e6ngere tids brug bliver l\u00e6berne m\u00e6ttet med naturlige vitaminer og n\u00f8dvendige stoffer. Den bedste l\u00e6bepomade skal beskytte l\u00e6berne mod skadelige vejrforhold og t\u00f8rhed og give dem n\u00e6ring.<\/p>","protected":false},"featured_media":330,"comment_status":"open","ping_status":"closed","template":"","meta":[],"product_cat":[90,23,91],"product_tag":[],"class_list":{"0":"post-331","1":"product","2":"type-product","3":"status-publish","4":"has-post-thumbnail","6":"product_cat-bijenwas-cosmetica","7":"product_cat-natuurlijke-gezichtsverzorging","8":"product_cat-natuurlijke-lippenbalsem","10":"first","11":"instock","12":"shipping-taxable","13":"purchasable","14":"product-type-simple"},"_links":{"self":[{"href":"https:\/\/purehealthstore.eu\/dk\/wp-json\/wp\/v2\/product\/331","targetHints":{"allow":["GET"]}}],"collection":[{"href":"https:\/\/purehealthstore.eu\/dk\/wp-json\/wp\/v2\/product"}],"about":[{"href":"https:\/\/purehealthstore.eu\/dk\/wp-json\/wp\/v2\/types\/product"}],"replies":[{"embeddable":true,"href":"https:\/\/purehealthstore.eu\/dk\/wp-json\/wp\/v2\/comments?post=331"}],"wp:featuredmedia":[{"embeddable":true,"href":"https:\/\/purehealthstore.eu\/dk\/wp-json\/wp\/v2\/media\/330"}],"wp:attachment":[{"href":"https:\/\/purehealthstore.eu\/dk\/wp-json\/wp\/v2\/media?parent=331"}],"wp:term":[{"taxonomy":"product_cat","embeddable":true,"href":"https:\/\/purehealthstore.eu\/dk\/wp-json\/wp\/v2\/product_cat?post=331"},{"taxonomy":"product_tag","embeddable":true,"href":"https:\/\/purehealthstore.eu\/dk\/wp-json\/wp\/v2\/product_tag?post=331"}],"curies":[{"name":"wp","href":"https:\/\/api.w.org\/{rel}","templated":true}]}}