{"id":329,"date":"2022-09-11T14:12:40","date_gmt":"2022-09-11T14:12:40","guid":{"rendered":"https:\/\/purehealthstore.eu\/?product=natuurlijke-lippenbalsem-kamille-evergetikon"},"modified":"2025-02-23T20:32:34","modified_gmt":"2025-02-23T20:32:34","slug":"natuurlijke-lippenbalsem-kamille-evergetikon","status":"publish","type":"product","link":"https:\/\/purehealthstore.eu\/dk\/shop\/natuurlijke-lippenbalsem-kamille-evergetikon\/","title":{"rendered":"L\u00e6bepomade med kamille - Evergetikon"},"content":{"rendered":"<p><span lang=\"LT\">Zachte en gemakkelijk opneembare boterboomolie (Sheaboter) is uiterst nuttig bij de lipverzorging vanwege de genezende en verzachtende eigenschappen.\u00a0Boterboom of ook wel shea-olie genoemd bevat vitamine A, E, F en andere nuttige stoffen die zorgen voor huidvoeding en sterke hydratatie.\u00a0De huid wordt elastisch.\u00a0Boterboomolie wordt zeer gewaardeerd in lipverzorgingsproducten.\u00a0Het is een van de meest waardevolle oli\u00ebn voor de lippen die ervoor zorgen dat ze zacht en elastisch worden.<\/span><\/p>\n<p>Evergetikon lippenbalsem met bijenwas, die cosmetica het vermogen geeft om ze te beschermen tegen verdamping van vocht door de huid te bedekken met een beschermende natuurlijke film wanneer ongunstige weersomstandigheden onze huid aantasten.\u00a0Bijenwas bevat, indien rauw, een kleine maar aanzienlijke hoeveelheid propolis.\u00a0Propolis, ook wel bekend als bijenpek, is een natuurlijk antibioticum uit de natuur dat kan helpen en beschermen tegen virussen.<\/p>\n<p>Kamille-extract kalmeert de ge\u00efrriteerde huid, verzacht deze en heeft een ontstekingsremmende werking.\u00a0Daarom is het een bijzonder uitstekend cosmetisch ingredi\u00ebnt voor mensen met een gevoelige huid die vatbaar is voor dermatitis.\u00a0Kamille-extract is rijk aan vitamine C, B en andere sporenelementen die de huid hydrateren en verzachten.\u00a0Het extract is antibacterieel.<\/p>\n<p><span lang=\"LT\">Andere natuurlijke ingredi\u00ebnten vullen het product aan met hun sterke eigenschappen, ze zijn uiterst zacht en niet irriterend en dus ook geschikt voor kinderen.<\/span><\/p>\n<p><strong><span lang=\"LT\">S\u00e5dan bruger du den:\u00a0<\/span><\/strong><span lang=\"LT\">\u00a0Breng indien nodig voorzichtig een kleine hoeveelheid aan op de lippen, geschikt voor dagelijks gebruik.\u00a0Voor extreem gebarsten, vermoeide lippen raden we aan om samen een lippenscrub te gebruiken &#8211; Evergetikon &#8220;Gentle Face Scrub met abrikozenstenen&#8221;, die de huid van de lippen voorbereidt, dode cellen exfolieert en een gemakkelijkere opname van nuttige stoffen mogelijk maakt.<\/span><\/p>","protected":false},"excerpt":{"rendered":"<p>Den naturlige l\u00e6bepomade er udelukkende fremstillet af naturlige koldpressede olier, som er yderst gavnlige for tynde og f\u00f8lsomme l\u00e6ber. De gavnlige ingredienser heler revner og spr\u00e6kker, og ved langvarig brug bliver l\u00e6berne m\u00e6ttet med naturlige vitaminer og essentielle stoffer.<\/p>","protected":false},"featured_media":328,"comment_status":"open","ping_status":"closed","template":"","meta":[],"product_cat":[90,23,91],"product_tag":[],"class_list":{"0":"post-329","1":"product","2":"type-product","3":"status-publish","4":"has-post-thumbnail","6":"product_cat-bijenwas-cosmetica","7":"product_cat-natuurlijke-gezichtsverzorging","8":"product_cat-natuurlijke-lippenbalsem","10":"first","11":"instock","12":"shipping-taxable","13":"purchasable","14":"product-type-simple"},"_links":{"self":[{"href":"https:\/\/purehealthstore.eu\/dk\/wp-json\/wp\/v2\/product\/329","targetHints":{"allow":["GET"]}}],"collection":[{"href":"https:\/\/purehealthstore.eu\/dk\/wp-json\/wp\/v2\/product"}],"about":[{"href":"https:\/\/purehealthstore.eu\/dk\/wp-json\/wp\/v2\/types\/product"}],"replies":[{"embeddable":true,"href":"https:\/\/purehealthstore.eu\/dk\/wp-json\/wp\/v2\/comments?post=329"}],"wp:featuredmedia":[{"embeddable":true,"href":"https:\/\/purehealthstore.eu\/dk\/wp-json\/wp\/v2\/media\/328"}],"wp:attachment":[{"href":"https:\/\/purehealthstore.eu\/dk\/wp-json\/wp\/v2\/media?parent=329"}],"wp:term":[{"taxonomy":"product_cat","embeddable":true,"href":"https:\/\/purehealthstore.eu\/dk\/wp-json\/wp\/v2\/product_cat?post=329"},{"taxonomy":"product_tag","embeddable":true,"href":"https:\/\/purehealthstore.eu\/dk\/wp-json\/wp\/v2\/product_tag?post=329"}],"curies":[{"name":"wp","href":"https:\/\/api.w.org\/{rel}","templated":true}]}}