{"id":32,"date":"2022-09-18T18:08:49","date_gmt":"2022-09-18T18:08:49","guid":{"rendered":"https:\/\/purehealthstore.eu\/?product=zeepbar-olijfzeep-volcano-evergetikon"},"modified":"2025-04-04T06:28:52","modified_gmt":"2025-04-04T06:28:52","slug":"zeepbar-olijfzeep-volcano-evergetikon","status":"publish","type":"product","link":"https:\/\/purehealthstore.eu\/dk\/shop\/zeepbar-olijfzeep-volcano-evergetikon\/","title":{"rendered":"Zeepbar olijfzeep &amp; volcano &#8211; Evergetikon"},"content":{"rendered":"<p><span>Natuurlijke zwarte zeep is bijzonder qua ingredi\u00ebnten.\u00a0De gebruikte hydraterende en reinigende plantaardige oli\u00ebn zijn extra vierge olijfolie, kokosolie, zoete amandelolie en plantenextracten: calendula, alo\u00eb vera, houtskool en gassulklei.\u00a0Ze zorgen voor een zachte reiniging, hydrateren de huid en helpen deze te regenereren.\u00a0De natuurlijke ingredi\u00ebnten van de zeep drogen de huid niet uit, maar helpen de huid juist vocht vast te houden, waardoor de huid er elastisch en gezond uit blijft zien.\u00a0Alle oli\u00ebn behouden al hun gunstige eigenschappen, omdat natuurlijke zeep in een koud proces wordt gemaakt en essenti\u00eble oli\u00ebn niet worden verwarmd.\u00a0Natuurlijke handgemaakte zeep wast de huid van zowel het lichaam als het gezicht schoon en voorzichtig, heeft een antibacteri\u00eble werking, omdat de kamperfoelie in de samenstelling goede reinigende en antibacteri\u00eble eigenschappen heeft.<\/span><\/p>\n<p><span>Natuurlijke zeep geschikt voor gezicht en lichaam, huidverzorging voor het hele gezin.<\/span><\/p>\n<h3><span lang=\"LT\"><span>GASULO KLEI, DE VOORDELEN VOOR DE HUID EN ANDERE ZEEPINGREDI\u00cbNTEN<\/span><\/span><\/h3>\n<p><span>Rhassoul Clay wordt zeer gewaardeerd vanwege zijn ontgiftende en reinigende eigenschappen.\u00a0Deze klei heeft een speciaal vermogen om uitdroging te elimineren, dus het is geschikt voor de bestrijding van roos en psoriasis.\u00a0Deze klei kan dagelijks gebruikt worden, hij droogt niet uit.\u00a0Het is geschikt voor alle huidtypes, vooral voor de problematische, omdat gasulumklei de huid zachtjes reinigt zonder de natuurlijke oli\u00ebn van de huid te verwijderen, waardoor de huid zacht en soepel blijft.<\/span><\/p>\n<p><span>Houtskool\u00a0&#8211; dankzij dit ingredi\u00ebnt krijgt natuurlijke handgemaakte zeep een zwarte kleur en heeft uitstekende huidreinigende eigenschappen\u00a0<\/span><em><span>.\u00a0<\/span><\/em><span>Houtskool heeft bijzondere vuil-, gifstoffen, vetabsorberende eigenschappen en exfolieert zachtjes.<\/span><\/p>\n<p><span>Essenti\u00eble olie van maagdelijke jeneverbes (\u00a0<\/span><em><span>cederhout<\/span><\/em><span>\u00a0) kan stress kalmeren en vermoeidheid elimineren.\u00a0Gebruikt in cosmetica, verheldert het de huid en bij langdurig gebruik wordt de huid verjongd.\u00a0Vanwege de antimicrobi\u00eble eigenschappen is het ook een geweldig ingredi\u00ebnt in haarverzorgingsproducten.\u00a0Kan roos helpen bestrijden door de hoofdhuid te reinigen, wat resulteert in een sterkere, gezondere haargroei.<\/span><\/p>\n<p><span>Natuurlijke handgemaakte zeep is gemaakt van natuurlijke ingredi\u00ebnten en bevat geen parabenen, sulfaten, ftalaten, muskusxyleen, ethanolaminen en andere chemische conserveermiddelen en additieven.<\/span><\/p>\n<p><strong><span>Ingredienser:\u00a0<\/span><\/strong><em><span>Olea Europaea (Olijf) FruitOlie \u201dKretenzische extra vierge olijfolie, Cocos Nucifera (Kokos) Olie, Aqua, Natriumhydroxide, Prunus Amygdalus Dulcis (Zoete Amandel) Olie, Calendula officinalis bloemenextract, Aloe barbadensis bladsap, Rhassoul Klei, Framboos smaak, houtskool, Juniperus Virginiana (cederhout) olie, Lavandula Angustifolia (lavendel) olie.<\/span><\/em><\/p>","protected":false},"excerpt":{"rendered":"<p><span>Natuurlijke handgemaakte zeep &#8220;Vulkanas&#8221; voor gezicht en lichaam, die de beste hydraterende en reinigende eigenschappen heeft behouden.\u00a0<\/span><span>Griekse fabrikanten hebben geprobeerd de beste kwaliteit plantaardige oli\u00ebn en essenti\u00eble oli\u00ebn te selecteren en zeep te maken die geen allergie\u00ebn veroorzaakt, maar wel gunstig is voor de huid of zelfs huidproblemen oplost.\u00a0<\/span><span>Alle natuurlijke zepen &#8220;Evergetikon&#8221; zijn van hoge kwaliteit, wat blijkt uit het productcertificaat dat voor dit product is afgegeven door het Griekse Staatslaboratorium.<\/span><\/p>","protected":false},"featured_media":30,"comment_status":"open","ping_status":"closed","template":"","meta":[],"product_cat":[18,19],"product_tag":[],"class_list":{"0":"post-32","1":"product","2":"type-product","3":"status-publish","4":"has-post-thumbnail","6":"product_cat-natuurlijke-zeep","7":"product_cat-olijfzeep","9":"first","10":"instock","11":"shipping-taxable","12":"purchasable","13":"product-type-simple"},"_links":{"self":[{"href":"https:\/\/purehealthstore.eu\/dk\/wp-json\/wp\/v2\/product\/32","targetHints":{"allow":["GET"]}}],"collection":[{"href":"https:\/\/purehealthstore.eu\/dk\/wp-json\/wp\/v2\/product"}],"about":[{"href":"https:\/\/purehealthstore.eu\/dk\/wp-json\/wp\/v2\/types\/product"}],"replies":[{"embeddable":true,"href":"https:\/\/purehealthstore.eu\/dk\/wp-json\/wp\/v2\/comments?post=32"}],"wp:featuredmedia":[{"embeddable":true,"href":"https:\/\/purehealthstore.eu\/dk\/wp-json\/wp\/v2\/media\/30"}],"wp:attachment":[{"href":"https:\/\/purehealthstore.eu\/dk\/wp-json\/wp\/v2\/media?parent=32"}],"wp:term":[{"taxonomy":"product_cat","embeddable":true,"href":"https:\/\/purehealthstore.eu\/dk\/wp-json\/wp\/v2\/product_cat?post=32"},{"taxonomy":"product_tag","embeddable":true,"href":"https:\/\/purehealthstore.eu\/dk\/wp-json\/wp\/v2\/product_tag?post=32"}],"curies":[{"name":"wp","href":"https:\/\/api.w.org\/{rel}","templated":true}]}}