{"id":284,"date":"2022-09-18T17:56:01","date_gmt":"2022-09-18T17:56:01","guid":{"rendered":"https:\/\/purehealthstore.eu\/?product=baardolie-gember-evergetikon"},"modified":"2024-12-30T14:11:26","modified_gmt":"2024-12-30T14:11:26","slug":"baardolie-gember-evergetikon","status":"publish","type":"product","link":"https:\/\/purehealthstore.eu\/dk\/shop\/baardolie-gember-evergetikon\/","title":{"rendered":"Sk\u00e6golie ingef\u00e6r - Evergetikon"},"content":{"rendered":"<p>Gemberwortelolie geeft de baardolie niet alleen een kenmerkend baardaroma, maar heeft ook haargroeibevorderende eigenschappen.\u00a0Gember wordt in cosmetica gebruikt vanwege de bloedsomloop verbeterende eigenschappen.\u00a0Gemberolie is ook een antisepticum, dus het vermindert ontstekingen die kunnen optreden als gevolg van constante huidirritatie.\u00a0Gember bestrijdt ook vrije radicalen, dus het kan de huid en het haar helpen beschermen tegen de schadelijke effecten van de omgeving.<\/p>\n<p>Actieve ingredi\u00ebnten:<\/p>\n<p><span lang=\"LT\"><strong>Arganpitolie<\/strong> wordt gebruikt in cosmetica voor zowel huid- als haarverzorging.\u00a0Deze olie verzacht en kalmeert de ge\u00efrriteerde huid.\u00a0Deze olie laat geen vettig gevoel achter en maakt het haar zachter en makkelijker handelbaar.<\/span><\/p>\n<p><span lang=\"LT\"><strong>Druivenpitolie<\/strong> stimuleert de haarzakjes en bevordert de haargroei.\u00a0Voor mensen met broos en kort haar, wordt het versterkt en groeit het haar sterker en dichter terug.<\/span><\/p>\n<p><span lang=\"LT\"><strong>Olijfolie<\/strong> &#8211; geeft het haar glans, voedt en verzacht huid en haar, geeft elasticiteit.<\/span><\/p>\n<p><span lang=\"LT\"><strong>Simondsia jojoba-olie<\/strong> hydrateert de huid, versterkt het haar en is een geweldig ingredi\u00ebnt omdat het de olie is die het dichtst bij de menselijke huid en haar staat.<\/span><\/p>\n<p><span lang=\"LT\"><strong>Ricinusolie oftewel castorolie<\/strong> staat bekend om zijn vermogen om de haargroei te stimuleren door het vanaf de wortel te versterken. Groeit sterk, glanzend haar.<\/span><\/p>\n<p><span lang=\"LT\"><strong>Pijnboomolie<\/strong> helpt niet alleen antibacterieel, maar helpt ook tegen jeuk, verstevigt de huid, verstevigt het haar.<\/span><\/p>\n<p><strong><span lang=\"LT\">S\u00e5dan bruger du den:\u00a0<\/span><\/strong><span lang=\"LT\"> Breng een paar druppels aan op de handpalmen, verdeel de olie in de handpalmen en breng de baardolie aan met je handen, waarbij je de huid raakt.<\/span><\/p>","protected":false},"excerpt":{"rendered":"<p><span lang=\"LT\">Evergetikons sk\u00e6golier er fyldt med naturlige vitaminer og mineraler, som m\u00e6nd, der \u00f8nsker et smukt sk\u00e6g, har brug for. <\/span><span lang=\"LT\">indeholder ikke skadelige kemiske tils\u00e6tningsstoffer som f.eks. <\/span><span lang=\"LT\">Parabener, silikoner, propylenglycol, mineralolie, ethanolamin, phthalater, moskusxylen, triclosan, methylisothiazolinon eller andre.<\/span><\/p>","protected":false},"featured_media":283,"comment_status":"open","ping_status":"closed","template":"","meta":[],"product_cat":[112,80,93,64],"product_tag":[],"class_list":{"0":"post-284","1":"product","2":"type-product","3":"status-publish","4":"has-post-thumbnail","6":"product_cat-natuurlijke-baardolie","7":"product_cat-mannelijke-gezichtsverzorging","8":"product_cat-mannelijke-haarverzorging","9":"product_cat-voor-mannen","11":"first","12":"instock","13":"shipping-taxable","14":"purchasable","15":"product-type-simple"},"_links":{"self":[{"href":"https:\/\/purehealthstore.eu\/dk\/wp-json\/wp\/v2\/product\/284","targetHints":{"allow":["GET"]}}],"collection":[{"href":"https:\/\/purehealthstore.eu\/dk\/wp-json\/wp\/v2\/product"}],"about":[{"href":"https:\/\/purehealthstore.eu\/dk\/wp-json\/wp\/v2\/types\/product"}],"replies":[{"embeddable":true,"href":"https:\/\/purehealthstore.eu\/dk\/wp-json\/wp\/v2\/comments?post=284"}],"wp:featuredmedia":[{"embeddable":true,"href":"https:\/\/purehealthstore.eu\/dk\/wp-json\/wp\/v2\/media\/283"}],"wp:attachment":[{"href":"https:\/\/purehealthstore.eu\/dk\/wp-json\/wp\/v2\/media?parent=284"}],"wp:term":[{"taxonomy":"product_cat","embeddable":true,"href":"https:\/\/purehealthstore.eu\/dk\/wp-json\/wp\/v2\/product_cat?post=284"},{"taxonomy":"product_tag","embeddable":true,"href":"https:\/\/purehealthstore.eu\/dk\/wp-json\/wp\/v2\/product_tag?post=284"}],"curies":[{"name":"wp","href":"https:\/\/api.w.org\/{rel}","templated":true}]}}