{"id":282,"date":"2022-09-18T17:56:01","date_gmt":"2022-09-18T17:56:01","guid":{"rendered":"https:\/\/purehealthstore.eu\/?product=baardolie-sandalwood-evergetikon"},"modified":"2025-04-07T18:04:08","modified_gmt":"2025-04-07T18:04:08","slug":"baardolie-sandalwood-evergetikon","status":"publish","type":"product","link":"https:\/\/purehealthstore.eu\/dk\/shop\/baardolie-sandalwood-evergetikon\/","title":{"rendered":"Sk\u00e6golie af sandeltr\u00e6 - Evergetikon"},"content":{"rendered":"<p>SANDELTR\u00c6 OG ANDRE INGREDIENSER I SK\u00c6GOLIE<\/p>\n<p>Sandeltr\u00e6 er velegnet til b\u00e5de h\u00e5r- og hudpleje. Sandeltr\u00e6 giver bl\u00f8dhed og en beroligende effekt p\u00e5 huden, reducerer hududsl\u00e6t og kl\u00f8e. Til h\u00e5rspidser forebygger \u00e6terisk olie af sandeltr\u00e6 spaltede spidser og giver en meget maskulin, varm tr\u00e6agtig aroma.<\/p>\n<p><span lang=\"LT\">Argankerneolie er velegnet og bruges i kosmetik til b\u00e5de hud- og h\u00e5rpleje. Olien lindrer og beroliger irriteret hud. Olien efterlader ikke en fedtet fornemmelse og g\u00f8r h\u00e5ret bl\u00f8dere og lettere at h\u00e5ndtere.<\/span><\/p>\n<p><span lang=\"LT\">Vindruekerneolie stimulerer h\u00e5rs\u00e6kkene og fremmer h\u00e5rv\u00e6ksten. For dem med sk\u00f8rt og kort h\u00e5r styrker det h\u00e5ret, og det vokser st\u00e6rkere og t\u00e6ttere ud igen.<\/span><\/p>\n<p><span lang=\"LT\">Olivenolie - giver h\u00e5ret glans, n\u00e6rer og bl\u00f8dg\u00f8r hud og h\u00e5r, giver elasticitet.<\/span><\/p>\n<p><span lang=\"LT\">Simondsia jojobaolie fugter huden, styrker h\u00e5ret og er en fantastisk ingrediens, fordi det er den olie, der er t\u00e6ttest p\u00e5 menneskets hud og h\u00e5r.<\/span><\/p>\n<p><span lang=\"LT\">Ricinusolie - Kendt for sin evne til at stimulere h\u00e5rv\u00e6kst ved at styrke det fra roden. F\u00e5 st\u00e6rkt, skinnende h\u00e5r.<\/span><\/p>\n<p><span lang=\"LT\">Fyrreolie virker ikke kun antibakterielt, men hj\u00e6lper ogs\u00e5 mod kl\u00f8e, toner huden og styrker h\u00e5ret.<\/span><\/p>\n<p><strong><span lang=\"LT\">Ingredienser\u00a0<\/span><\/strong><span lang=\"LT\"><strong>:\u00a0<\/strong>\u00a0<\/span><em><span lang=\"LT\">Argania spinosa fr\u00f8olie, Vitis Vinifera (drue) fr\u00f8 druekerneolie, Europaea (oliven) frugtolie \"Cretan\" ekstra jomfru olivenolie, Simmondsia chinensis fr\u00f8olie Jojoba,<a name=\"_Hlk25315688\"><\/a>Ricinus Communis (ricinus) fr\u00f8olie, Rosmarinus Officinalis (rosmarin) bladekstrakt, tocopherolacetat (E-vitamin),<a name=\"_Hlk25315712\"><\/a>Pinus sylvestris (fyrretr\u00e6) bladolie, Cistus landaniferus, Santalum Album (sandeltr\u00e6) olie.<\/span><\/em><\/p>\n<p><strong><span lang=\"LT\">S\u00e5dan bruger du den:\u00a0<\/span><\/strong><span lang=\"LT\">\u00a0Kom et par dr\u00e5ber i h\u00e5ndfladerne, fordel olien i h\u00e5ndfladerne, og sm\u00f8r den p\u00e5 sk\u00e6gget med h\u00e6nderne,<\/span><\/p>","protected":false},"excerpt":{"rendered":"<p><span lang=\"LT\">En naturlig sk\u00e6golie, der b\u00e5de fugter og beroliger ansigtshuden og efterlader h\u00e5ret bl\u00f8dt og medg\u00f8rligt. Sk\u00e6gh\u00e5r og hud f\u00e5r de mest gavnlige vitaminer og mineraler fra planteolier og -ekstrakter. Hver ingrediens supplerer produktets sammens\u00e6tning og giver bl\u00f8dhed og en mild aroma. Det er derfor, sk\u00e6golie er s\u00e5 elsket af m\u00e6nd, der dyrker et smukt sk\u00e6g. Det er som en naturlig balsam eller serum, fyldt med gavnlige naturlige vitaminer og mineraler til b\u00e5de hud og h\u00e5r. Sk\u00e6golie er fyldt med naturlige vitaminer og mineraler, som m\u00e6nd, der vil have et smukt sk\u00e6g, har brug for.\u00a0<\/span><span lang=\"LT\">Indeholder ingen skadelige kemiske tils\u00e6tningsstoffer som f.eks:\u00a0\u00a0<\/span><span lang=\"LT\">Parabener, silikoner, propylenglycol, mineralolie, ethanolamin, ftalater, moskusxylen, triclosan, methylisothiazolinon eller andet.<\/span><\/p>","protected":false},"featured_media":281,"comment_status":"open","ping_status":"closed","template":"","meta":[],"product_cat":[112,80,93,64],"product_tag":[],"class_list":{"0":"post-282","1":"product","2":"type-product","3":"status-publish","4":"has-post-thumbnail","6":"product_cat-natuurlijke-baardolie","7":"product_cat-mannelijke-gezichtsverzorging","8":"product_cat-mannelijke-haarverzorging","9":"product_cat-voor-mannen","11":"first","12":"instock","13":"shipping-taxable","14":"purchasable","15":"product-type-simple"},"_links":{"self":[{"href":"https:\/\/purehealthstore.eu\/dk\/wp-json\/wp\/v2\/product\/282","targetHints":{"allow":["GET"]}}],"collection":[{"href":"https:\/\/purehealthstore.eu\/dk\/wp-json\/wp\/v2\/product"}],"about":[{"href":"https:\/\/purehealthstore.eu\/dk\/wp-json\/wp\/v2\/types\/product"}],"replies":[{"embeddable":true,"href":"https:\/\/purehealthstore.eu\/dk\/wp-json\/wp\/v2\/comments?post=282"}],"wp:featuredmedia":[{"embeddable":true,"href":"https:\/\/purehealthstore.eu\/dk\/wp-json\/wp\/v2\/media\/281"}],"wp:attachment":[{"href":"https:\/\/purehealthstore.eu\/dk\/wp-json\/wp\/v2\/media?parent=282"}],"wp:term":[{"taxonomy":"product_cat","embeddable":true,"href":"https:\/\/purehealthstore.eu\/dk\/wp-json\/wp\/v2\/product_cat?post=282"},{"taxonomy":"product_tag","embeddable":true,"href":"https:\/\/purehealthstore.eu\/dk\/wp-json\/wp\/v2\/product_tag?post=282"}],"curies":[{"name":"wp","href":"https:\/\/api.w.org\/{rel}","templated":true}]}}