{"id":266,"date":"2022-09-27T17:53:19","date_gmt":"2022-09-27T17:53:19","guid":{"rendered":"https:\/\/purehealthstore.eu\/?product=acne-creme"},"modified":"2025-01-17T17:06:28","modified_gmt":"2025-01-17T17:06:28","slug":"acne-creme","status":"publish","type":"product","link":"https:\/\/purehealthstore.eu\/dk\/shop\/acne-creme\/","title":{"rendered":"Creme tegen acne &#8211; Evergetikon"},"content":{"rendered":"<p>Deze cr\u00e8me bevat tea tree en Griekse kruiden &#8220;Dictamos &#8211; Erontas&#8221;. De milde antiseptische Dictamnus en tea tree etherische olie vullen elkaars helende eigenschappen perfect aan.\u00a0Tea tree staat al lang bekend om zijn sterke antibacteri\u00eble, antimicrobi\u00eble en antiseptische eigenschappen en wordt al lang gebruikt om huidproblemen te behandelen.\u00a0Samen met Dictamnus heeft het een krachtig effect op de ge\u00efrriteerde huid, kalmeert het en vermindert het ontstekingen.\u00a0Deze cr\u00e8me is rijk aan effectieve oli\u00ebn zoals druivenpitolie, extra vierge &#8220;Kretan&#8221; olijfolie, zoete amandelolie, die de gezichtshuid verzachten en glad maken.<\/p>\n<p><strong style=\"font-size: 14px;background-color: var(--bgcolor-white);color: var(--wd-text-color)\">DRUIVENPITOLIE<\/strong><\/p>\n<p>Druivenpitolie is populair in cosmetica.\u00a0Lichte textuur, trekt zeer goed in en reguleert de oliebalans van de huid. Het heeft een sterk ontstekingsremmend effect en huid reinigende\u00a0en regenererende eigenschappen.\u00a0Het is perfect voor het verzorgen van de vette en problematische huid.<\/p>\n<p><strong>OLIJFOLIE<\/strong><\/p>\n<p>In oude Griekse baden, v\u00f3\u00f3r de komst van zeep, werden aromatherapie-olijfolie als reinigingsmiddel gebruikt.\u00a0Eerst masseerden ze zichzelf in olie, daarna maakten ze het vuil schoon met een borstel en na het wassen met water masseerden ze zichzelf weer in olie.\u00a0Olijfolie heeft huidverzachtende en ontstekingsremmende eigenschappen.<\/p>\n<p>Inwoners van de Middellandse Zeekust waarderen de voordelen van olijfolie in cosmetica al lang.\u00a0Olijfolie hydrateert en beschermt de huid en zit vol krachtige antioxidanten die de huid stevig en glanzend houden.<\/p>\n<p><strong>S\u00e5dan bruger du den:<\/strong>\u00a0voor gebruik schudden en &#8217;s avonds een paar druppels aanbrengen op een vochtige huid.\u00a0Slechts 1 keer per dag gebruiken. Geweldig voor gebruik met Evergetikon Tea Tree Wash.\u00a0Pijnlijke puistjes kunnen ook voorzichtig worden aangebracht met etherische olie van theeboom.<\/p>\n<h3>Of profiteer van het combinatiepakket:<\/h3>\n<ul>\n<li><a title=\"Acne huidverzorging - Evergetikon\" href=\"https:\/\/purehealthstore.nl\/product\/acne-behandelen\/\"><br \/>\n<img fetchpriority=\"high\" decoding=\"async\" src=\"https:\/\/purehealthstore.nl\/wp-content\/uploads\/2022\/11\/acne-behandelen-951x800.jpg\" alt=\"acne-behandelen\" width=\"951\" height=\"800\" \/> <\/a><br \/>\n<a title=\"Acne huidverzorging - Evergetikon\" href=\"https:\/\/purehealthstore.nl\/product\/acne-behandelen\/\"><br \/>\nAcne huidverzorging &#8211; Evergetikon <\/a><br \/>\n\u20ac44,95<\/li>\n<\/ul>","protected":false},"excerpt":{"rendered":"<p>Last van acne? Zeg gedag tegen die vervelende puistjes met de acne cr\u00e8me van Evergetikon! Onze krachtige formule, gemaakt van natuurlijke ingredi\u00ebnten zoals tea tree, zorgt voor een gladdere en gezondere huid. Bye bye onzuiverheden! Onze acne cr\u00e8me is speciaal ontworpen om jouw huidproblemen aan te pakken en je weer zelfverzekerd te laten stralen. Waarom zou je nog langer wachten?<\/p>","protected":false},"featured_media":265,"comment_status":"open","ping_status":"closed","template":"","meta":[],"product_cat":[23,25],"product_tag":[],"class_list":{"0":"post-266","1":"product","2":"type-product","3":"status-publish","4":"has-post-thumbnail","6":"product_cat-natuurlijke-gezichtsverzorging","7":"product_cat-natuurlijke-gezichtscreme","9":"first","10":"instock","11":"shipping-taxable","12":"purchasable","13":"product-type-simple"},"_links":{"self":[{"href":"https:\/\/purehealthstore.eu\/dk\/wp-json\/wp\/v2\/product\/266","targetHints":{"allow":["GET"]}}],"collection":[{"href":"https:\/\/purehealthstore.eu\/dk\/wp-json\/wp\/v2\/product"}],"about":[{"href":"https:\/\/purehealthstore.eu\/dk\/wp-json\/wp\/v2\/types\/product"}],"replies":[{"embeddable":true,"href":"https:\/\/purehealthstore.eu\/dk\/wp-json\/wp\/v2\/comments?post=266"}],"wp:featuredmedia":[{"embeddable":true,"href":"https:\/\/purehealthstore.eu\/dk\/wp-json\/wp\/v2\/media\/265"}],"wp:attachment":[{"href":"https:\/\/purehealthstore.eu\/dk\/wp-json\/wp\/v2\/media?parent=266"}],"wp:term":[{"taxonomy":"product_cat","embeddable":true,"href":"https:\/\/purehealthstore.eu\/dk\/wp-json\/wp\/v2\/product_cat?post=266"},{"taxonomy":"product_tag","embeddable":true,"href":"https:\/\/purehealthstore.eu\/dk\/wp-json\/wp\/v2\/product_tag?post=266"}],"curies":[{"name":"wp","href":"https:\/\/api.w.org\/{rel}","templated":true}]}}