{"id":255,"date":"2022-09-27T18:06:35","date_gmt":"2022-09-27T18:06:35","guid":{"rendered":"https:\/\/purehealthstore.eu\/?product=argan-monoi-evergetikon"},"modified":"2025-02-25T18:23:14","modified_gmt":"2025-02-25T18:23:14","slug":"argan-monoi-evergetikon","status":"publish","type":"product","link":"https:\/\/purehealthstore.eu\/dk\/shop\/argan-monoi-evergetikon\/","title":{"rendered":"Argan- og monoi-olie - Evergetikon"},"content":{"rendered":"<h2>Biologische argan- en monoi olie<\/h2>\n<p>Argan olie is afkomstig van de arganboom, die alleen in Marokko groeit. Het wordt met de hand geperst uit de noten van de boom en heeft vele voordelen voor de huid. De olie bevat vitamine E en antioxidanten die helpen bij het bestrijden van vrije radicalen, die de huid kunnen beschadigen. Daarnaast bevat het ook essenti\u00eble vetzuren die de huid hydrateren en de natuurlijke elasticiteit herstellen. Argan olie is ook zeer geschikt voor het haar, het voedt en versterkt het haar en geeft het een natuurlijke glans.<\/p>\n<p>Monoi olie is afkomstig uit Tahiti en wordt gemaakt door de bloemblaadjes van de Tahitiaanse Gardenia te weken in kokosolie. Monoi olie is rijk aan antioxidanten en heeft een hydraterende werking op de huid en het haar. Het heeft ook een aangename tropische geur die je meeneemt naar de zonovergoten stranden van Tahiti.<\/p>\n<p>Wil jij graag een stralende huid en gezond haar? Dan is onze biologische argan- en monoi olie perfect voor jou. Met de olie geef je je huid en haar de voeding en verzorging die het nodig heeft om gezond te blijven.<\/p>\n<p>&nbsp;<\/p>","protected":false},"excerpt":{"rendered":"<p>Argan- og monoi-olier er begge rige p\u00e5 n\u00e6ringsstoffer og vitaminer, der bidrager til sund hud og sundt h\u00e5r. De er begge blevet brugt i \u00e5rhundreder i den traditionelle sk\u00f8nhedspleje i forskellige kulturer. Vores olier er \u00f8kologiske og af 100% naturlig oprindelse, hvilket betyder, at du ikke kun passer p\u00e5 dig selv, men ogs\u00e5 p\u00e5 verden omkring os.<\/p>","protected":false},"featured_media":428,"comment_status":"open","ping_status":"closed","template":"","meta":[],"product_cat":[48,50,23,35,25],"product_tag":[],"class_list":{"0":"post-255","1":"product","2":"type-product","3":"status-publish","4":"has-post-thumbnail","6":"product_cat-argan-olie","7":"product_cat-natuurlijke-gezichtsolie","8":"product_cat-natuurlijke-gezichtsverzorging","9":"product_cat-haarolie","10":"product_cat-natuurlijke-gezichtscreme","12":"first","13":"instock","14":"shipping-taxable","15":"purchasable","16":"product-type-simple"},"_links":{"self":[{"href":"https:\/\/purehealthstore.eu\/dk\/wp-json\/wp\/v2\/product\/255","targetHints":{"allow":["GET"]}}],"collection":[{"href":"https:\/\/purehealthstore.eu\/dk\/wp-json\/wp\/v2\/product"}],"about":[{"href":"https:\/\/purehealthstore.eu\/dk\/wp-json\/wp\/v2\/types\/product"}],"replies":[{"embeddable":true,"href":"https:\/\/purehealthstore.eu\/dk\/wp-json\/wp\/v2\/comments?post=255"}],"wp:featuredmedia":[{"embeddable":true,"href":"https:\/\/purehealthstore.eu\/dk\/wp-json\/wp\/v2\/media\/428"}],"wp:attachment":[{"href":"https:\/\/purehealthstore.eu\/dk\/wp-json\/wp\/v2\/media?parent=255"}],"wp:term":[{"taxonomy":"product_cat","embeddable":true,"href":"https:\/\/purehealthstore.eu\/dk\/wp-json\/wp\/v2\/product_cat?post=255"},{"taxonomy":"product_tag","embeddable":true,"href":"https:\/\/purehealthstore.eu\/dk\/wp-json\/wp\/v2\/product_tag?post=255"}],"curies":[{"name":"wp","href":"https:\/\/api.w.org\/{rel}","templated":true}]}}