{"id":252,"date":"2022-09-27T18:06:36","date_gmt":"2022-09-27T18:06:36","guid":{"rendered":"https:\/\/purehealthstore.eu\/?product=handcreme-kreta-evergetikon"},"modified":"2022-09-27T18:06:36","modified_gmt":"2022-09-27T18:06:36","slug":"handcreme-kreta-evergetikon","status":"publish","type":"product","link":"https:\/\/purehealthstore.eu\/dk\/shop\/handcreme-kreta-evergetikon\/","title":{"rendered":"Handcreme Kreta &#8211; Evergetikon"},"content":{"rendered":"<p>Eucalyptus ontspant door onze hersenen van zuurstof te voorzien, waardoor we gemakkelijker in slaap kunnen vallen en slapen.\u00a0Als u last heeft van sinusitis of een verstopte neus, breng deze zalf dan heel voorzichtig aan op de holte boven het sleutelbeen.\u00a0Breng de lymfeklieren aan op de nek achter de oren, neus.<\/p>\n<p>Preventieve maatregel als we hees zijn van conditioners of lang praten.<\/p>\n<p><strong>Anvendelse:<\/strong>\u00a0\u00a0Aanbrengen op de lymfeklieren achter de oren, nek, borst, voetzolen.\u00a0Geschikt voor het hele gezin, kinderen vanaf 3 jaar.<\/p>\n<p><strong>Verantwoordelijk:<\/strong>\u00a0Koude kruidencr\u00e8me bevat ingredi\u00ebnten die allergie\u00ebn kunnen veroorzaken, zorg ervoor dat je er niet allergisch voor bent.<\/p>\n<p><strong>Ingredienser:<\/strong>\u00a0Olea Europaea (olijf) fruitolie &#8220;Kretenzische&#8221; extra vierge olijfolie, bijenwas, Calendula Officinalis bloemolie (calendula \u03bfil), Origanum Dictamnus bloem\/blad\/stengelextract, Rosmarinus Officinalis (rozemarijn) bladextract, tocoferolacetaat (vitamine E ), Eucalyptus Globulus bladolie, Lavandula Angustifolia (lavendel) olie, Mentha Piperita (pepermunt) olie, Rosmarinus Officinalis.<\/p>","protected":false},"excerpt":{"rendered":"<p>Kruidencr\u00e8me tegen verkoudheid.\u00a0Eucalyptus heeft slijmoplossend vermogen en onderdrukt &#8217;s nachts een irriterende hoest.\u00a0Eucalyptus staat bekend als een van de belangrijkste natuurlijke ingredi\u00ebnten tegen verkoudheid.\u00a0Vergemakkelijkt de ademhaling en ontspant, verwijdert secreties gemakkelijker.\u00a0Het kan keelpijn helpen omdat eucalyptus pijnstillende eigenschappen heeft.\u00a0De lavendel in de kruidencr\u00e8me werkt verzachtend en helpt je in slaap te vallen.\u00a0Lavendel heeft ontstekingsremmende en antibacteri\u00eble eigenschappen.<\/p>","protected":false},"featured_media":251,"comment_status":"open","ping_status":"closed","template":"","meta":[],"product_cat":[27,28,17],"product_tag":[],"class_list":{"0":"post-252","1":"product","2":"type-product","3":"status-publish","4":"has-post-thumbnail","6":"product_cat-natuurlijke-handcreme","7":"product_cat-handen-voeten","8":"product_cat-lichaamsverzorging","10":"first","11":"instock","12":"shipping-taxable","13":"purchasable","14":"product-type-simple"},"_links":{"self":[{"href":"https:\/\/purehealthstore.eu\/dk\/wp-json\/wp\/v2\/product\/252","targetHints":{"allow":["GET"]}}],"collection":[{"href":"https:\/\/purehealthstore.eu\/dk\/wp-json\/wp\/v2\/product"}],"about":[{"href":"https:\/\/purehealthstore.eu\/dk\/wp-json\/wp\/v2\/types\/product"}],"replies":[{"embeddable":true,"href":"https:\/\/purehealthstore.eu\/dk\/wp-json\/wp\/v2\/comments?post=252"}],"wp:featuredmedia":[{"embeddable":true,"href":"https:\/\/purehealthstore.eu\/dk\/wp-json\/wp\/v2\/media\/251"}],"wp:attachment":[{"href":"https:\/\/purehealthstore.eu\/dk\/wp-json\/wp\/v2\/media?parent=252"}],"wp:term":[{"taxonomy":"product_cat","embeddable":true,"href":"https:\/\/purehealthstore.eu\/dk\/wp-json\/wp\/v2\/product_cat?post=252"},{"taxonomy":"product_tag","embeddable":true,"href":"https:\/\/purehealthstore.eu\/dk\/wp-json\/wp\/v2\/product_tag?post=252"}],"curies":[{"name":"wp","href":"https:\/\/api.w.org\/{rel}","templated":true}]}}