{"id":230,"date":"2022-09-27T18:29:32","date_gmt":"2022-09-27T18:29:32","guid":{"rendered":"https:\/\/purehealthstore.eu\/?product=voetendeodorant-evergetikon"},"modified":"2022-09-27T18:29:32","modified_gmt":"2022-09-27T18:29:32","slug":"voetendeodorant-evergetikon","status":"publish","type":"product","link":"https:\/\/purehealthstore.eu\/dk\/shop\/voetendeodorant-evergetikon\/","title":{"rendered":"Voetendeodorant &#8211; Evergetikon"},"content":{"rendered":"<p>Mensen hebben vaak last van een onaangename voetgeur en eelt.\u00a0Een onaangename voetgeur kan optreden als gevolg van stress, lichamelijke activiteit en veel zweten.\u00a0Sporters, actieve mensen die daarnaast gebruik maken van openbare zwembaden en douches kunnen vaak te maken krijgen met voetschimmel.\u00a0Veel en intens zweten cre\u00ebert gunstige omstandigheden voor voetschimmel.\u00a0Deodorantcr\u00e8me tegen zweetvoeten kan dit helpen voorkomen.\u00a0De voetcr\u00e8me zit boordevol conditionerende en antiseptische ingredi\u00ebnten en werkt samen met vochtinbrengende oli\u00ebn om de huid te versterken en preventief te werken om de huidbarri\u00e8re te beschermen.<\/p>\n<p>Een van de ingredi\u00ebnten is etherische olie van theeboom &#8211; een natuurlijk antibioticum, erkend als antischimmelmiddel. Essenti\u00eble olie van pepermunt geeft een gevoel van frisheid.<\/p>\n<p>Essenti\u00eble olie van salie is een zeer belangrijk ingredi\u00ebnt in deze cr\u00e8me.\u00a0Essenti\u00eble olie van salie, die stoffen bevat die nuttig zijn voor de huid en die ontstekingen tegengaan, is een antischimmel- en antibacterieel ingredi\u00ebnt in natuurlijke cosmetica.\u00a0Salie verzorgt de huid en geeft een aangename geur.<\/p>\n<p>Essenti\u00eble olie van pepermunt \u2013 verkoelt enigszins, vermindert irritaties, huiduitslag en jeuk.<\/p>\n<p><strong>S\u00e5dan bruger du den:\u00a0<\/strong>\u00a0wrijf een kleine hoeveelheid cr\u00e8me in schone benen, masseer zachtjes zodat de natuurlijke essenti\u00eble oli\u00ebn in de huid van de benen kunnen absorberen en de bloedsomloop stimuleren.\u00a0Voor het beste resultaat raden wij u aan om de dode huidcellen van de benen te exfoli\u00ebren voordat u de cr\u00e8me aanbrengt.\u00a0Voetscrub met epsomzout en tea tree is uiterst zacht, bevat veel magnesium en kan helpen bij het verlichten van stress en vermoeidheid van de benen.\u00a0Nadat je je voeten hebt gescrubd, werken andere hulpmiddelen nog effectiever en nuttiger.\u00a0Je vindt het op deze link.<\/p>\n<p>ttps:\/\/www.evergetikon.lt\/produktas\/koju-sveitiklis-su-epsom-druska-ir-arbatmedziu\/<\/p>\n<p><strong>Ingredienser:\u00a0<\/strong><em>Olea Europaea (olijf) fruitolie &#8220;Kretenzische&#8221; extra vierge olijfolie, Butyrospermum Parkii (Sheaboter), bijenwas, Origanum Dictamnus bloem\/blad\/stengelextract, Calendula Officinalis bloemolie (calendula \u03bfil), Rosmarinus Officinalis (rozemarijn) blad Extract, tocoferolacetaat (vitamine E), Salvia Sclarea (Clary) olie, Mentha Piperita (pepermunt) olie, Melaleuca Alternifolia (Tea Tree) bladolie.<\/em><\/p>","protected":false},"excerpt":{"rendered":"<p>Zachte, gezonde voeten, het fundament van ons lichaam, dat overdag representatief is, is bestand tegen de stress van onze reizen.\u00a0En hoewel voetverzorging vaak wordt vergeten en pas voor het zomerseizoen wordt herinnerd, zou voetverzorging het hele jaar door een van de dagelijkse rituelen moeten worden.\u00a0Voetcr\u00e8me voor droge, gebarsten voeten met plantaardige oli\u00ebn en essenti\u00eble oli\u00ebn om de dunne huid van de voeten te versterken.\u00a0Oli\u00ebn en plantenextracten voeden de huid.\u00a0Het is zowel een voedende voetcr\u00e8me als een natuurlijke voetdeodorant.<\/p>","protected":false},"featured_media":229,"comment_status":"open","ping_status":"closed","template":"","meta":[],"product_cat":[90,17],"product_tag":[],"class_list":{"0":"post-230","1":"product","2":"type-product","3":"status-publish","4":"has-post-thumbnail","6":"product_cat-bijenwas-cosmetica","7":"product_cat-lichaamsverzorging","9":"first","10":"instock","11":"shipping-taxable","12":"purchasable","13":"product-type-simple"},"_links":{"self":[{"href":"https:\/\/purehealthstore.eu\/dk\/wp-json\/wp\/v2\/product\/230","targetHints":{"allow":["GET"]}}],"collection":[{"href":"https:\/\/purehealthstore.eu\/dk\/wp-json\/wp\/v2\/product"}],"about":[{"href":"https:\/\/purehealthstore.eu\/dk\/wp-json\/wp\/v2\/types\/product"}],"replies":[{"embeddable":true,"href":"https:\/\/purehealthstore.eu\/dk\/wp-json\/wp\/v2\/comments?post=230"}],"wp:featuredmedia":[{"embeddable":true,"href":"https:\/\/purehealthstore.eu\/dk\/wp-json\/wp\/v2\/media\/229"}],"wp:attachment":[{"href":"https:\/\/purehealthstore.eu\/dk\/wp-json\/wp\/v2\/media?parent=230"}],"wp:term":[{"taxonomy":"product_cat","embeddable":true,"href":"https:\/\/purehealthstore.eu\/dk\/wp-json\/wp\/v2\/product_cat?post=230"},{"taxonomy":"product_tag","embeddable":true,"href":"https:\/\/purehealthstore.eu\/dk\/wp-json\/wp\/v2\/product_tag?post=230"}],"curies":[{"name":"wp","href":"https:\/\/api.w.org\/{rel}","templated":true}]}}