{"id":224,"date":"2022-09-27T18:29:33","date_gmt":"2022-09-27T18:29:33","guid":{"rendered":"https:\/\/purehealthstore.eu\/?product=after-sun-aloe-evergetikon"},"modified":"2022-09-27T18:29:33","modified_gmt":"2022-09-27T18:29:33","slug":"after-sun-aloe-evergetikon","status":"publish","type":"product","link":"https:\/\/purehealthstore.eu\/dk\/shop\/after-sun-aloe-evergetikon\/","title":{"rendered":"After sun gel met alo\u00eb vera &#8211; Evergetikon"},"content":{"rendered":"<p>Amandelolie en extra vierge olijfolie verzachten de huid, beschermen tegen vochtverlies en zijn rijk aan vitamine E. Vitamine E is een sterke antioxidant die voorkomt dat de schadelijke zonnestralen de huid beschadigen.\u00a0De calendula in de gel is al sinds de oudheid bekend en wordt al eeuwenlang gebruikt als een van de eerste remedies tegen ernstige zonnebrand wanneer de huid ernstig kloven heeft.\u00a0Calendula-olie is rijk aan natuurlijke vitamines A, B1, B2, C en E. Calendula-olie heeft uitstekende huidverzorgingseigenschappen voor de licht ge\u00efrriteerde huid, verzacht en kalmeert de gevoelige huid.<\/p>\n<p>Lavendel is een van de eerste remedies tegen brandwonden, het verzacht de huid en vermindert de pijn van de brandwond.\u00a0De Ouden gebruikten lavendel om zelfs ernstige brandwonden op de huid te behandelen.\u00a0Kamille kalmeert en verzacht, dus perfect als de huid na een brandwond extreem gevoelig en droog wordt.<\/p>\n<p>Bruikbaar!\u00a0Bewaar deze gel in de koelkast om de gel koel te houden na het zonnen en vergeet niet extra water te drinken na het zonnen.\u00a0Geschikt voor het hele gezin.<\/p>\n<p><strong>S\u00e5dan bruger du den:<\/strong>\u00a0Breng &#8220;Alo\u00eb Vera en Kamille After Sun Gel&#8221; voorzichtig aan op een schone huid en laat het intrekken.<\/p>\n<p><strong>Ingredienser:\u00a0<\/strong>\u00a0Alo\u00eb barbadensis bladsap alo\u00eb, Calendula Officinalis bloemolie (calendula \u03bfil), Prunus Amygdalus Dulcis (zoete amandel) olie, Olea Europaea (olijf) fruitolie &#8220;Kretenzische&#8221; extra vierge olijfolie, Lavandula Angustifolia (lavendel) olie, Hypericum Perforatum Olie (Sint-Janskruidolie), Citrus Aurantium Bergamia (Bergamot) Fruitolie, Anthemis Nobilis-bloemolie.<\/p>","protected":false},"excerpt":{"rendered":"<p>Zachte en verfrissende aftersungel met Alo\u00eb Vera en kamille voor lichaam en gezicht.\u00a0Deze gel wordt zeer gemakkelijk opgenomen na het zonnebaden en doet de verwarmde huid herleven, die na de hete zon om een \u200b\u200bzo sterk mogelijke hydratatie vraagt.\u00a0De zachte consistentie is gemakkelijk aan te brengen en laat geen olieachtig residu achter op de huid.\u00a0Alo\u00eb Vera na het bruinen (Aljo\u0161ius, alavijas), bekend als een van de meest waardevolle ingredi\u00ebnten voor de door de zon beschadigde huid.\u00a0Deze gel met alo\u00eb vera is ontworpen om de huid sneller te laten herstellen en rehydrateren, zodat alle ingredi\u00ebnten elkaar aanvullen.<\/p>","protected":false},"featured_media":223,"comment_status":"open","ping_status":"closed","template":"","meta":[],"product_cat":[58,17,29],"product_tag":[],"class_list":{"0":"post-224","1":"product","2":"type-product","3":"status-publish","4":"has-post-thumbnail","6":"product_cat-aloe-vera","7":"product_cat-lichaamsverzorging","8":"product_cat-zon-bescherming-lichaam","10":"first","11":"instock","12":"shipping-taxable","13":"purchasable","14":"product-type-simple"},"_links":{"self":[{"href":"https:\/\/purehealthstore.eu\/dk\/wp-json\/wp\/v2\/product\/224","targetHints":{"allow":["GET"]}}],"collection":[{"href":"https:\/\/purehealthstore.eu\/dk\/wp-json\/wp\/v2\/product"}],"about":[{"href":"https:\/\/purehealthstore.eu\/dk\/wp-json\/wp\/v2\/types\/product"}],"replies":[{"embeddable":true,"href":"https:\/\/purehealthstore.eu\/dk\/wp-json\/wp\/v2\/comments?post=224"}],"wp:featuredmedia":[{"embeddable":true,"href":"https:\/\/purehealthstore.eu\/dk\/wp-json\/wp\/v2\/media\/223"}],"wp:attachment":[{"href":"https:\/\/purehealthstore.eu\/dk\/wp-json\/wp\/v2\/media?parent=224"}],"wp:term":[{"taxonomy":"product_cat","embeddable":true,"href":"https:\/\/purehealthstore.eu\/dk\/wp-json\/wp\/v2\/product_cat?post=224"},{"taxonomy":"product_tag","embeddable":true,"href":"https:\/\/purehealthstore.eu\/dk\/wp-json\/wp\/v2\/product_tag?post=224"}],"curies":[{"name":"wp","href":"https:\/\/api.w.org\/{rel}","templated":true}]}}