{"id":208,"date":"2022-10-08T16:40:46","date_gmt":"2022-10-08T16:40:46","guid":{"rendered":"https:\/\/purehealthstore.eu\/?product=etherische-olie-ylang-ylang-evergetikon"},"modified":"2022-10-08T16:40:46","modified_gmt":"2022-10-08T16:40:46","slug":"etherische-olie-ylang-ylang-evergetikon","status":"publish","type":"product","link":"https:\/\/purehealthstore.eu\/dk\/shop\/etherische-olie-ylang-ylang-evergetikon\/","title":{"rendered":"Etherische olie &#8211; Ylang Ylang &#8211; Evergetikon"},"content":{"rendered":"<p>Minder sterke etherische oli\u00ebn worden gebruikt als zachte tonen in parfums, zoals colognes, lotions of zepen.\u00a0De meest subtiele vorm van ylang ylang wordt vaak Kananga-olie genoemd.<\/p>\n<p>Essenti\u00eble olie van wierook kan helpen angst te verminderen en het zelfrespect van een persoon te vergroten wanneer het op de huid wordt aangebracht of wordt ingeademd.\u00a0Het verbetert de stemming, verlicht angst en vermindert depressie.\u00a0Bij mannen kan het hartkloppingen helpen verminderen en de bloeddruk verlagen.\u00a0Deze olie heeft een kalmerende en ontspannende werking.<\/p>\n<p>Ylang ylang bevat antibacteri\u00eble, schimmelwerende en ontstekingsremmende eigenschappen, waardoor het een effectief middel kan zijn bij het verminderen van de schimmelinfectie Candida albicans (spruw).<\/p>\n<p>Sinds de oudheid gebruiken mensen de etherische olie van geurige kangana als afrodisiacum en voor seksuele stimulatie.\u00a0Een vrouw die het gebruikt, lacht vaker, en de ogen van mannen worden aangetrokken door een glimlachende vrouw.\u00a0Essenti\u00eble olie van Ylang Ylang wordt gebruikt om het libido te verhogen en tegelijkertijd de seksuele angst te verminderen.<\/p>\n<p>Ylang ylang kan ook helpen bij buikpijn, reuma, jicht, hoofdpijn, longontsteking<\/p>\n<h3><strong>Hoe gebruik je ylang-ylang\u00a0<\/strong><strong>?<\/strong><\/h3>\n<p>Geurige etherische olie van canang kan worden gemengd met een dragerolie en worden gebruikt voor de verzorging van de droge huid en voor ontspannende massages.\u00a0Om het droge gevoel van de hoofdhuid te verminderen, kun je de hoofdhuid insmeren met deze olie.\u00a0Omdat ylang ylang sommige mensen irriteert, moet je altijd eerst een patchtest doen en 24 uur wachten.\u00a0Ylang-ylang bevat verschillende allergenen en moet met voorzichtigheid worden gebruikt wanneer het op de huid wordt aangebracht.<\/p>\n<p><strong>Altijd verdunnen.\u00a0<\/strong>Voeg voor plaatselijk gebruik \u00e9\u00e9n druppel etherische olie toe voor elke theelepel olie.\u00a0Breng, net als bij andere essenti\u00eble oli\u00ebn, geen onverdunde etherische olie van ylang ylang op de huid aan.\u00a0Ylang ylang moet worden gemengd met olie voordat het op een groot deel van het lichaam, gezicht of hoofd wordt gebruikt.\u00a0Ylang ylang bevat ook verschillende allergenen, zoals isoeugenol, die contactdermatitis kunnen veroorzaken en de huid kunnen irriteren als ze langdurig worden aangebracht.<\/p>\n<p>Ylang-ylang is giftig voor honden en katten.\u00a0Gebruik ylang ylang niet op de huid, poten of vacht van uw huisdier, of op plaatsen waar uw huisdier het kan likken of inademen.<\/p>\n<p><strong>Op de juiste manier bewaren.\u00a0<\/strong>Bewaren in een ondoorzichtige glazen container op een koele, donkere plaats.<\/p>\n<p><strong>Gebruik en bewaak de kwaliteit ervan.\u00a0<\/strong>Ylang ylang is lang houdbaar, maar gebruik nooit olie waarvan de houdbaarheidsdatum is verstreken of waarvan de geur is veranderd.<\/p>\n<p><strong>Gebruik met water in een diffuser.\u00a0<\/strong>Ylang ylang kan ook worden ge\u00efnhaleerd als aromatherapiebehandeling met behulp van een kamerverspreider.<\/p>\n<p><strong>Houd van jezelf<\/strong>\u00a0.\u00a0De natuur deelt zijn genezende eigenschappen met ons, onthoud dat er overal en altijd allergenen kunnen zijn die onaangename complicaties kunnen veroorzaken, bescherm uzelf en uw dierbaren, raadpleeg en overleg met een ervaren aromatherapiespecialist.\u00a0Geniet met mate en verantwoord van aromatherapie.<\/p>","protected":false},"excerpt":{"rendered":"<p>Ylang ylang is een stervormige gele bloem die groeit aan de Cananga-boom (Cananga odorata).\u00a0Deze plant komt voor in landen rond de Indische Oceaan zoals India, de Filipijnen, Maleisi\u00eb, Indonesi\u00eb en delen van Australi\u00eb.\u00a0Ylang Ylang is een luxueuze en bedwelmende bloemige en fruitige geur.<\/p>\n<p>Uit de bloem van de ylang ylang-bloem worden door stoomdestillatie verschillende soorten etherische olie gewonnen.\u00a0Oli\u00ebn verschillen in de intensiteit van hun geur.<\/p>\n<p>Ylang Ylang etherische olie is een krachtige liefdesolie afgeleid van de ylang ylang-bloem.\u00a0Deze olie wordt vaak gebruikt als topnoot in parfums zoals Chanel Number Five.<\/p>","protected":false},"featured_media":207,"comment_status":"open","ping_status":"closed","template":"","meta":[],"product_cat":[26],"product_tag":[],"class_list":{"0":"post-208","1":"product","2":"type-product","3":"status-publish","4":"has-post-thumbnail","6":"product_cat-etherische-olie","8":"first","9":"instock","10":"shipping-taxable","11":"purchasable","12":"product-type-simple"},"_links":{"self":[{"href":"https:\/\/purehealthstore.eu\/dk\/wp-json\/wp\/v2\/product\/208","targetHints":{"allow":["GET"]}}],"collection":[{"href":"https:\/\/purehealthstore.eu\/dk\/wp-json\/wp\/v2\/product"}],"about":[{"href":"https:\/\/purehealthstore.eu\/dk\/wp-json\/wp\/v2\/types\/product"}],"replies":[{"embeddable":true,"href":"https:\/\/purehealthstore.eu\/dk\/wp-json\/wp\/v2\/comments?post=208"}],"wp:featuredmedia":[{"embeddable":true,"href":"https:\/\/purehealthstore.eu\/dk\/wp-json\/wp\/v2\/media\/207"}],"wp:attachment":[{"href":"https:\/\/purehealthstore.eu\/dk\/wp-json\/wp\/v2\/media?parent=208"}],"wp:term":[{"taxonomy":"product_cat","embeddable":true,"href":"https:\/\/purehealthstore.eu\/dk\/wp-json\/wp\/v2\/product_cat?post=208"},{"taxonomy":"product_tag","embeddable":true,"href":"https:\/\/purehealthstore.eu\/dk\/wp-json\/wp\/v2\/product_tag?post=208"}],"curies":[{"name":"wp","href":"https:\/\/api.w.org\/{rel}","templated":true}]}}