{"id":204,"date":"2022-10-08T16:40:46","date_gmt":"2022-10-08T16:40:46","guid":{"rendered":"https:\/\/purehealthstore.eu\/?product=etherische-olie-bergamot-evergetikon"},"modified":"2024-12-23T18:31:16","modified_gmt":"2024-12-23T18:31:16","slug":"etherische-olie-bergamot-evergetikon","status":"publish","type":"product","link":"https:\/\/purehealthstore.eu\/dk\/shop\/etherische-olie-bergamot-evergetikon\/","title":{"rendered":"Etherische olie &#8211; Bergamot &#8211; Evergetikon"},"content":{"rendered":"<p>Bergamot etherische olie straalt bijzondere energie uit.\u00a0Het verbetert de stemming en is vooral geschikt als je gekweld wordt door verdrietige, sombere gedachten of zelfs een gevoel van angst.\u00a0Gemakkelijk energiek en opbeurend<\/p>\n<p>Essenti\u00eble olie van bergamot is vooral compatibel met de volgende essenti\u00eble oli\u00ebn: essenti\u00eble olie van jasmijn, essenti\u00eble olie van scharlei, essenti\u00eble olie van ylang-ylang, essenti\u00eble olie van sinaasappel of rozemarijn.\u00a0Door te mengen en een druppel of twee toe te voegen, kun je bijzondere aroma&#8217;s in huis cre\u00ebren.<\/p>\n<p>Bij gebruik van etherische oli\u00ebn, begin met 1-2 druppels in de vaporizer.\u00a0Essenti\u00eble oli\u00ebn moeten op verantwoorde wijze worden gebruikt, en om nuttig te zijn moeten we ze met mate gebruiken.\u00a0Niet gebruiken op een huid die bijzonder gevoelig en ge\u00efrriteerd is.<\/p>\n<p>Vermijd contact met de ogen.\u00a0Aanstaande moeders en moeders die borstvoeding geven, moeten hun behandelende arts raadplegen.<\/p>\n<p><strong>Ingredienser:\u00a0<\/strong><em>pure essenti\u00eble olie van Citrus Bergamia<\/em><\/p>","protected":false},"excerpt":{"rendered":"<p>Bergamot etherische olie is een unieke geur met een citrusaroma aangevuld met een scherpere bloemige noot.\u00a0Een dynamische geur is vooral populair in de parfumerie, omdat deze geur wordt beschouwd als een van de meest geliefde en geliefde geuren van mensen, waardoor het bijna een garantie is voor verkoop.<\/p>","protected":false},"featured_media":100000012679,"comment_status":"open","ping_status":"closed","template":"","meta":[],"product_cat":[26],"product_tag":[],"class_list":{"0":"post-204","1":"product","2":"type-product","3":"status-publish","4":"has-post-thumbnail","6":"product_cat-etherische-olie","8":"first","9":"instock","10":"shipping-taxable","11":"purchasable","12":"product-type-simple"},"_links":{"self":[{"href":"https:\/\/purehealthstore.eu\/dk\/wp-json\/wp\/v2\/product\/204","targetHints":{"allow":["GET"]}}],"collection":[{"href":"https:\/\/purehealthstore.eu\/dk\/wp-json\/wp\/v2\/product"}],"about":[{"href":"https:\/\/purehealthstore.eu\/dk\/wp-json\/wp\/v2\/types\/product"}],"replies":[{"embeddable":true,"href":"https:\/\/purehealthstore.eu\/dk\/wp-json\/wp\/v2\/comments?post=204"}],"wp:featuredmedia":[{"embeddable":true,"href":"https:\/\/purehealthstore.eu\/dk\/wp-json\/"}],"wp:attachment":[{"href":"https:\/\/purehealthstore.eu\/dk\/wp-json\/wp\/v2\/media?parent=204"}],"wp:term":[{"taxonomy":"product_cat","embeddable":true,"href":"https:\/\/purehealthstore.eu\/dk\/wp-json\/wp\/v2\/product_cat?post=204"},{"taxonomy":"product_tag","embeddable":true,"href":"https:\/\/purehealthstore.eu\/dk\/wp-json\/wp\/v2\/product_tag?post=204"}],"curies":[{"name":"wp","href":"https:\/\/api.w.org\/{rel}","templated":true}]}}