{"id":192,"date":"2022-10-08T17:54:32","date_gmt":"2022-10-08T17:54:32","guid":{"rendered":"https:\/\/purehealthstore.eu\/?product=gezichtsmasker-roze-klei-evergetikon"},"modified":"2025-02-23T20:35:24","modified_gmt":"2025-02-23T20:35:24","slug":"gezichtsmasker-roze-klei-evergetikon","status":"publish","type":"product","link":"https:\/\/purehealthstore.eu\/dk\/shop\/gezichtsmasker-roze-klei-evergetikon\/","title":{"rendered":"Ansigtsmaske af lyser\u00f8dt ler - Evergetikon"},"content":{"rendered":"<h2>Naturlig ansigtsmaske med pink ler<\/h2>\n<p>Det lyser\u00f8de ler er sk\u00e5nsomt og ideelt til f\u00f8lsom hud. Det stimulerer hudens cirkulation, mens det blidt eksfolierer og renser. Det forbedrer mikrocirkulationen og giver gl\u00f8d til kedelig, tr\u00e6t hud. Den tr\u00e6kker ikke olier ud af huden og kan derfor bruges til t\u00f8r hud.<\/p>\n<h2>S\u00e5dan bruger du ansigtsmasken med pink ler<\/h2>\n<p>Bland 2 teskefulde ler med 2 teskefulde vand eller med EVERGETIKON \u00f8kologisk rosendestillat. Bland godt til en cremet pasta. P\u00e5f\u00f8r et tyndt lag i ansigtet, undg\u00e5 \u00f8jenkontakt, og lad det virke i 10 minutter. Skyl grundigt med vand, eller fjern det med vat dyppet i lunkent vand.<\/p>","protected":false},"excerpt":{"rendered":"<p>Mineralsk ler er \u00e6gte guld, fuld af sporstoffer og gavnlige egenskaber for huden. Farven p\u00e5 kosmetisk ler afh\u00e6nger af de mineralske stoffer, det indeholder. Den bl\u00f8deste lertype, rosa ler, og de vidunderlige ingredienser, der supplerer den, skaber en naturlig maske til ansigtet med f\u00f8lsom og t\u00f8r hud. Masken giver n\u00e6ring til huden takket v\u00e6re ingredienser med naturlige mineraler og vitaminer, som er n\u00f8dvendige for hudens sk\u00f8nhed og fugtbevarelse. Desuden stimulerer langvarig brug blodcirkulationen i huden og forbedrer mikrocirkulationen.<\/p>","protected":false},"featured_media":189,"comment_status":"open","ping_status":"closed","template":"","meta":[],"product_cat":[104,23],"product_tag":[],"class_list":{"0":"post-192","1":"product","2":"type-product","3":"status-publish","4":"has-post-thumbnail","6":"product_cat-natuurlijke-gezichtsmaskers","7":"product_cat-natuurlijke-gezichtsverzorging","9":"first","10":"instock","11":"shipping-taxable","12":"purchasable","13":"product-type-simple"},"_links":{"self":[{"href":"https:\/\/purehealthstore.eu\/dk\/wp-json\/wp\/v2\/product\/192","targetHints":{"allow":["GET"]}}],"collection":[{"href":"https:\/\/purehealthstore.eu\/dk\/wp-json\/wp\/v2\/product"}],"about":[{"href":"https:\/\/purehealthstore.eu\/dk\/wp-json\/wp\/v2\/types\/product"}],"replies":[{"embeddable":true,"href":"https:\/\/purehealthstore.eu\/dk\/wp-json\/wp\/v2\/comments?post=192"}],"wp:featuredmedia":[{"embeddable":true,"href":"https:\/\/purehealthstore.eu\/dk\/wp-json\/wp\/v2\/media\/189"}],"wp:attachment":[{"href":"https:\/\/purehealthstore.eu\/dk\/wp-json\/wp\/v2\/media?parent=192"}],"wp:term":[{"taxonomy":"product_cat","embeddable":true,"href":"https:\/\/purehealthstore.eu\/dk\/wp-json\/wp\/v2\/product_cat?post=192"},{"taxonomy":"product_tag","embeddable":true,"href":"https:\/\/purehealthstore.eu\/dk\/wp-json\/wp\/v2\/product_tag?post=192"}],"curies":[{"name":"wp","href":"https:\/\/api.w.org\/{rel}","templated":true}]}}