{"id":186,"date":"2022-10-14T18:29:44","date_gmt":"2022-10-14T18:29:44","guid":{"rendered":"https:\/\/purehealthstore.eu\/?product=body-haarserum-sweet-vanilla-evergetikon"},"modified":"2024-11-27T20:51:22","modified_gmt":"2024-11-27T20:51:22","slug":"body-haarserum-sweet-vanilla-evergetikon","status":"publish","type":"product","link":"https:\/\/purehealthstore.eu\/dk\/shop\/body-haarserum-sweet-vanilla-evergetikon\/","title":{"rendered":"Krops- og h\u00e5rserum - S\u00f8d vanilje - Evergetikon"},"content":{"rendered":"<p>Het serum bevat de volgende oli\u00ebn: zoete amandel, druivenpit, olijf.\u00a0De oli\u00ebn zijn rijk aan vitamine A, C en E. Vitamine E is een sterke antioxidant die de huid beschermt tegen schadelijke invloeden van buitenaf en het verouderingsproces van de huid vertraagt.\u00a0Druivenpitolie zorgt voor zachtheid, onderhoudt een goede huidconditie en heeft een antioxiderende werking.\u00a0Rozemarijnextract is versterkend, antioxidant en heeft antibacteri\u00eble eigenschappen.\u00a0Zoete amandelolie geeft de huid een glans, hydrateert haar perfect, verzacht haar, kalmeert de ge\u00efrriteerde huid.\u00a0Amandelolie voedt niet alleen de huid, maar ook het haar, stopt het uitvallen ervan, maakt het zacht en donzig.\u00a0Geurig vanille-extract is een antioxidant, vermindert ontstekingen en zorgt voor een aangename natuurlijke geur.<br \/>\nDe olijfbomen die in de bosjes van het eiland Kreta groeien, groeien op natuurlijke wijze, ze worden niet gecultiveerd, Kretenzische kruiden bedekken de paden van de olijfgaarden.\u00a0Het overheersende evenwicht van de natuur, d.w.z. natuurlijke vegetatie, verrijkt olijfbomen op natuurlijke wijze met hun goede eigenschappen, omdat olijfbomen met hun wortels hun extracten uit geneeskrachtige planten halen, waardoor de olijventeelt niet alleen uitzonderlijke smaken krijgt, maar ook een sterk ontstekingsremmend effect heeft. .\u00a0De Kretenzers zijn er trots op wereldleiders te zijn als het gaat om de kwaliteit van olijfolie. Ze eten het niet alleen, maar gebruiken het ook overvloedig in natuurlijke cosmetische producten.\u00a0Olijfolie is een sterke antioxidant en is rijk aan vitamine E, wat goed is voor de huid.<\/p>\n<p>Droogsprayserum is niet alleen geschikt voor de verzorging van de lichaamshuid, maar ook voor het haar.\u00a0Neem een \u200b\u200bpaar druppels van het serum in de handpalmen en wrijf zachtjes in de punten van droog haar, terwijl de wind door je haar waait, ruik je het heerlijke aroma van vanille.<\/p>\n<p>De huid en het haar van je lichaam ruiken naar luxe, herinneren je aan de zachtheid van zijde en laten een verleidelijk aroma van vanille achter!<\/p>\n<p>Hoe te gebruiken: Spray op de blote lichaamshuid en breng spaarzaam aan op droog haar.\u00a0Geurig lichaamsserum gemaakt op het eiland Kreta, trekt snel in, laat geen plakkerigheid achter en ruikt aangenaam.<\/p>\n<p>Ingredi\u00ebnten: Capryl\/Caprinezuurtriglyceride, Prunus Amygdalus Dulcis (zoete amandel) olie (amandelolie), Olea Europaea (olijf) fruitolie &#8220;Kretenzische&#8221; extra vierge olijfolie, Vitis Vinifera zaadolie, parfum, Rosmarinus Officinalis bladextract, tocoferylacetaat ( vitamine E), Vanille Planifolia.<\/p>","protected":false},"excerpt":{"rendered":"<p>De zachtheid van zijde en aangenaam vocht gecombineerd met het zoete aroma van vanille!<\/p>\n<p>Lichaamsserum &#8220;Zoete vanille&#8221; &#8211; heeft een aangenaam aroma dat de levensvreugde stimuleert en verfraait.\u00a0Het lichaamsserum bevat essenti\u00eble vanilleolie, die kan helpen de hormoonspiegels in evenwicht te brengen, te ontspannen, de gevoeligheid en spanning te verminderen en een kalmerend effect te hebben.<\/p>\n<p>Het geurige lichaamsserum is verrijkt met luxe oli\u00ebn die huidverzachtende eigenschappen hebben, bij langdurig gebruik krijgt de huid geleidelijk een zijdezachte zachtheid.<\/p>","protected":false},"featured_media":185,"comment_status":"open","ping_status":"closed","template":"","meta":[],"product_cat":[35,102,51,34],"product_tag":[],"class_list":{"0":"post-186","1":"product","2":"type-product","3":"status-publish","4":"has-post-thumbnail","6":"product_cat-haarolie","7":"product_cat-haarserums","8":"product_cat-natuurlijke-huidolie","9":"product_cat-haarverzorging","11":"first","12":"instock","13":"shipping-taxable","14":"purchasable","15":"product-type-simple"},"_links":{"self":[{"href":"https:\/\/purehealthstore.eu\/dk\/wp-json\/wp\/v2\/product\/186","targetHints":{"allow":["GET"]}}],"collection":[{"href":"https:\/\/purehealthstore.eu\/dk\/wp-json\/wp\/v2\/product"}],"about":[{"href":"https:\/\/purehealthstore.eu\/dk\/wp-json\/wp\/v2\/types\/product"}],"replies":[{"embeddable":true,"href":"https:\/\/purehealthstore.eu\/dk\/wp-json\/wp\/v2\/comments?post=186"}],"wp:featuredmedia":[{"embeddable":true,"href":"https:\/\/purehealthstore.eu\/dk\/wp-json\/wp\/v2\/media\/185"}],"wp:attachment":[{"href":"https:\/\/purehealthstore.eu\/dk\/wp-json\/wp\/v2\/media?parent=186"}],"wp:term":[{"taxonomy":"product_cat","embeddable":true,"href":"https:\/\/purehealthstore.eu\/dk\/wp-json\/wp\/v2\/product_cat?post=186"},{"taxonomy":"product_tag","embeddable":true,"href":"https:\/\/purehealthstore.eu\/dk\/wp-json\/wp\/v2\/product_tag?post=186"}],"curies":[{"name":"wp","href":"https:\/\/api.w.org\/{rel}","templated":true}]}}