{"id":177,"date":"2022-11-02T20:02:36","date_gmt":"2022-11-02T20:02:36","guid":{"rendered":"https:\/\/purehealthstore.eu\/?product=aloe-vera-dagcreme"},"modified":"2025-03-02T10:55:53","modified_gmt":"2025-03-02T10:55:53","slug":"aloe-vera-dagcreme","status":"publish","type":"product","link":"https:\/\/purehealthstore.eu\/dk\/shop\/aloe-vera-dagcreme\/","title":{"rendered":"Alo\u00eb Vera dag- en nachtcr\u00e8me &#8211; Hydraterend &#8211; Evergetikon"},"content":{"rendered":"<h2>Alo\u00eb Vera dag- en nachtcr\u00e8me &#8211; Zeer hydraterend<\/h2>\n<p>Alo\u00eb vera is al eeuwenlang een bekend ingredi\u00ebnt voor huidverzorging en wordt vaak gebruikt vanwege zijn hydraterende en kalmerende eigenschappen.<\/p>\n<p>Alo\u00eb vera gezichtscr\u00e8me voor dag en nacht is een uitstekende optie voor iedereen die op zoek is naar een natuurlijke, effectieve manier om hun huid te verzorgen en te beschermen.<\/p>\n<p>Een van de voordelen van het gebruik van alo\u00eb vera gezichtscr\u00e8me voor dag en nacht is dat het geschikt is voor alle huidtypen.<\/p>\n<p>Of je nu een droge, vette of gecombineerde huid hebt, deze cr\u00e8me kan helpen om je huid te hydrateren en te beschermen tegen beschadiging door de zon en andere omgevingsfactoren.<\/p>\n<p>Bovendien heeft het een lichte textuur en wordt het snel door de huid opgenomen, waardoor het perfect is om onder make-up te gebruiken.<\/p>\n<p>Deze gezichtscr\u00e8me kan ook worden gebruikt als nachtcr\u00e8me, omdat het de huid &#8217;s nachts helpt te herstellen en te vernieuwen.<\/p>\n<p>Alo\u00eb vera staat bekend om zijn ontstekingsremmende eigenschappen en kan helpen bij het verminderen van roodheid en irritatie van de huid. Door het &#8217;s nachts te gebruiken, kan de cr\u00e8me de huid helpen te kalmeren en te herstellen, zodat je wakker wordt met een zachte, stralende huid.<\/p>\n<p>Een ander voordeel van alo\u00eb vera gezichtscr\u00e8me voor dag en nacht is dat het vrij is van parabenen, sulfaten en andere schadelijke chemicali\u00ebn die vaak in commerci\u00eble huidverzorgingsproducten worden gebruikt.<\/p>\n<p>Hierdoor is het een veilige en natuurlijke optie voor iedereen die op zoek is naar een gezonde en effectieve manier om hun huid te verzorgen.<\/p>\n<p><strong>S\u00e5dan bruger du den:<\/strong>\u00a0Breng &#8217;s ochtends\/&#8217;s avonds een kleine hoeveelheid cr\u00e8me aan op het gezicht en de hals met de vingertoppen op een vochtige huid of na het serum.<\/p>","protected":false},"excerpt":{"rendered":"<ul>\n<li>Alo\u00eb Vera dagcr\u00e8me voor dagelijks gebruik<\/li>\n<li>Ook perfect als nachtcr\u00e8me<\/li>\n<li>Werkt zeer hydraterend<\/li>\n<\/ul>","protected":false},"featured_media":174,"comment_status":"open","ping_status":"closed","template":"","meta":[],"product_cat":[58,23,25],"product_tag":[],"class_list":{"0":"post-177","1":"product","2":"type-product","3":"status-publish","4":"has-post-thumbnail","6":"product_cat-aloe-vera","7":"product_cat-natuurlijke-gezichtsverzorging","8":"product_cat-natuurlijke-gezichtscreme","10":"first","11":"instock","12":"shipping-taxable","13":"purchasable","14":"product-type-simple"},"_links":{"self":[{"href":"https:\/\/purehealthstore.eu\/dk\/wp-json\/wp\/v2\/product\/177","targetHints":{"allow":["GET"]}}],"collection":[{"href":"https:\/\/purehealthstore.eu\/dk\/wp-json\/wp\/v2\/product"}],"about":[{"href":"https:\/\/purehealthstore.eu\/dk\/wp-json\/wp\/v2\/types\/product"}],"replies":[{"embeddable":true,"href":"https:\/\/purehealthstore.eu\/dk\/wp-json\/wp\/v2\/comments?post=177"}],"wp:featuredmedia":[{"embeddable":true,"href":"https:\/\/purehealthstore.eu\/dk\/wp-json\/wp\/v2\/media\/174"}],"wp:attachment":[{"href":"https:\/\/purehealthstore.eu\/dk\/wp-json\/wp\/v2\/media?parent=177"}],"wp:term":[{"taxonomy":"product_cat","embeddable":true,"href":"https:\/\/purehealthstore.eu\/dk\/wp-json\/wp\/v2\/product_cat?post=177"},{"taxonomy":"product_tag","embeddable":true,"href":"https:\/\/purehealthstore.eu\/dk\/wp-json\/wp\/v2\/product_tag?post=177"}],"curies":[{"name":"wp","href":"https:\/\/api.w.org\/{rel}","templated":true}]}}