{"id":158,"date":"2022-12-27T15:36:24","date_gmt":"2022-12-27T15:36:24","guid":{"rendered":"https:\/\/purehealthstore.eu\/?product=voetenscrub-met-magnesiumzout-pepermunt-evergetikon"},"modified":"2025-04-09T19:42:22","modified_gmt":"2025-04-09T19:42:22","slug":"voetenscrub-met-magnesiumzout-pepermunt-evergetikon","status":"publish","type":"product","link":"https:\/\/purehealthstore.eu\/dk\/shop\/voetenscrub-met-magnesiumzout-pepermunt-evergetikon\/","title":{"rendered":"Voetenscrub met Magnesiumzout &amp; Pepermunt &#8211; Evergetikon"},"content":{"rendered":"<h2>Voetenscrub voor zachte voeten<\/h2>\n<p>Last van gebarsten hielen of veel eelt op je voeten? Dat kan erg pijnlijk zijn. Zeker als het alsmaar erger wordt. Het is belangrijk om \u00f3\u00f3k de voeten af en toe goed te verwennen. Het regelmatig scrubben van de voeten zorgt voor zachte voeten en voedt de voeten. Het helpt daarnaast dode huidcellen te verwijderen.<\/p>\n<h2>Voetenscrub met magnesiumzout<\/h2>\n<p>Magnesiumzout oftewel epsom zout exfolieert zachtjes en helpt de voeten te ontspannen en pijn te verminderen. Magnesiumzout wordt al enkele generaties lang gebruikt vanwege de gunstige effecten. Het helpt zeer effectief om onaangename voetgeur te verminderen en om ontstekingen te verhelpen.<\/p>\n<p>&nbsp;<\/p>","protected":false},"excerpt":{"rendered":"<p>Veel mensen hebben last van gebarsten hielen, eelt en een slechte voetgeur.\u00a0Droge, gebarsten hielen zijn pijnlijk, vooral als het niet de eerste keer is dat je hielen scheurt en de scheuren dieper worden.\u00a0Evergetikon voetscrub exfolieert en voedt zachtjes, dus regelmatig voetscrubben verzacht en voedt uiteindelijk de droge en gevoelige huid door dode cellen beetje bij beetje te verwijderen zonder deze te beschadigen.\u00a0Zwaar vermoeide benen ontspannen tijdens het scrubben en masseren.\u00a0Koudgeperste oli\u00ebn en natuurlijke etherische oli\u00ebn voeden de huid diep, wat erg belangrijk is na het exfoli\u00ebren.<\/p>","protected":false},"featured_media":157,"comment_status":"open","ping_status":"closed","template":"","meta":[],"product_cat":[28],"product_tag":[],"class_list":{"0":"post-158","1":"product","2":"type-product","3":"status-publish","4":"has-post-thumbnail","6":"product_cat-handen-voeten","8":"first","9":"instock","10":"shipping-taxable","11":"purchasable","12":"product-type-simple"},"_links":{"self":[{"href":"https:\/\/purehealthstore.eu\/dk\/wp-json\/wp\/v2\/product\/158","targetHints":{"allow":["GET"]}}],"collection":[{"href":"https:\/\/purehealthstore.eu\/dk\/wp-json\/wp\/v2\/product"}],"about":[{"href":"https:\/\/purehealthstore.eu\/dk\/wp-json\/wp\/v2\/types\/product"}],"replies":[{"embeddable":true,"href":"https:\/\/purehealthstore.eu\/dk\/wp-json\/wp\/v2\/comments?post=158"}],"wp:featuredmedia":[{"embeddable":true,"href":"https:\/\/purehealthstore.eu\/dk\/wp-json\/wp\/v2\/media\/157"}],"wp:attachment":[{"href":"https:\/\/purehealthstore.eu\/dk\/wp-json\/wp\/v2\/media?parent=158"}],"wp:term":[{"taxonomy":"product_cat","embeddable":true,"href":"https:\/\/purehealthstore.eu\/dk\/wp-json\/wp\/v2\/product_cat?post=158"},{"taxonomy":"product_tag","embeddable":true,"href":"https:\/\/purehealthstore.eu\/dk\/wp-json\/wp\/v2\/product_tag?post=158"}],"curies":[{"name":"wp","href":"https:\/\/api.w.org\/{rel}","templated":true}]}}