{"id":156,"date":"2023-01-18T18:54:58","date_gmt":"2023-01-18T18:54:58","guid":{"rendered":"https:\/\/purehealthstore.eu\/?product=gezichtsolie-tegen-pigmentvlekken-evergetikon"},"modified":"2025-02-17T18:39:35","modified_gmt":"2025-02-17T18:39:35","slug":"gezichtsolie-tegen-pigmentvlekken-evergetikon","status":"publish","type":"product","link":"https:\/\/purehealthstore.eu\/dk\/shop\/gezichtsolie-tegen-pigmentvlekken-evergetikon\/","title":{"rendered":"Ansigtsolie mod pigmentpletter - Evergetikon"},"content":{"rendered":"<h2>Natuurlijke gezichtsolie tegen pigmentvlekken met venkel<\/h2>\n<p>Heb je last van pigmentvlekken en ben je op zoek naar een natuurlijke oplossing? Lees dan verder om te ontdekken hoe venkelolie je kan helpen.<\/p>\n<p>Als je op zoek bent naar een natuurlijke manier om pigmentvlekken te verminderen, wil je misschien venkelolie proberen. Het kan helpen bij het verbeteren van de textuur en de kleur van je huid, waardoor je een stralende en egale teint krijgt.<\/p>\n<h2>Hoe gebruik je de gezichtsolie?<\/h2>\n<p>Er zijn verschillende manieren waarop je venkelolie kunt gebruiken om pigmentvlekken te verminderen. Een van de gemakkelijkste manieren is om een paar druppels toe te voegen aan je dagelijkse gezichtsolie. Masseer het zachtjes in je gezicht en hals, vermijd de oogcontouren. Je kunt dit het beste doen na het reinigen van je gezicht en voordat je moisturizer aanbrengt.<\/p>","protected":false},"excerpt":{"rendered":"<p>Fennikelolie har v\u00e6ret brugt i \u00e5rhundreder for sine mange fordele for huden. Den er kendt for sine antiinflammatoriske egenskaber og kan hj\u00e6lpe med at reducere m\u00f8rke pletter og misfarvninger. Det er en naturlig l\u00f8sning, som er sikker og effektiv.<\/p>","protected":false},"featured_media":155,"comment_status":"open","ping_status":"closed","template":"","meta":[],"product_cat":[50],"product_tag":[],"class_list":{"0":"post-156","1":"product","2":"type-product","3":"status-publish","4":"has-post-thumbnail","6":"product_cat-natuurlijke-gezichtsolie","8":"first","9":"instock","10":"shipping-taxable","11":"purchasable","12":"product-type-simple"},"_links":{"self":[{"href":"https:\/\/purehealthstore.eu\/dk\/wp-json\/wp\/v2\/product\/156","targetHints":{"allow":["GET"]}}],"collection":[{"href":"https:\/\/purehealthstore.eu\/dk\/wp-json\/wp\/v2\/product"}],"about":[{"href":"https:\/\/purehealthstore.eu\/dk\/wp-json\/wp\/v2\/types\/product"}],"replies":[{"embeddable":true,"href":"https:\/\/purehealthstore.eu\/dk\/wp-json\/wp\/v2\/comments?post=156"}],"wp:featuredmedia":[{"embeddable":true,"href":"https:\/\/purehealthstore.eu\/dk\/wp-json\/wp\/v2\/media\/155"}],"wp:attachment":[{"href":"https:\/\/purehealthstore.eu\/dk\/wp-json\/wp\/v2\/media?parent=156"}],"wp:term":[{"taxonomy":"product_cat","embeddable":true,"href":"https:\/\/purehealthstore.eu\/dk\/wp-json\/wp\/v2\/product_cat?post=156"},{"taxonomy":"product_tag","embeddable":true,"href":"https:\/\/purehealthstore.eu\/dk\/wp-json\/wp\/v2\/product_tag?post=156"}],"curies":[{"name":"wp","href":"https:\/\/api.w.org\/{rel}","templated":true}]}}