{"id":125,"date":"2023-03-21T20:39:28","date_gmt":"2023-03-21T20:39:28","guid":{"rendered":"https:\/\/purehealthstore.eu\/?product=after-shave-creme-aloe-vera-evergetikon"},"modified":"2025-01-05T21:05:48","modified_gmt":"2025-01-05T21:05:48","slug":"after-shave-creme-aloe-vera-evergetikon","status":"publish","type":"product","link":"https:\/\/purehealthstore.eu\/dk\/shop\/after-shave-creme-aloe-vera-evergetikon\/","title":{"rendered":"After Shave Gel - Aloe Vera - Evergetikon"},"content":{"rendered":"<p>Aftershavecr\u00e8me met calendula en essenti\u00eble oli\u00ebn, op basis van alo\u00eb vera-gel, is ontworpen om de beschadigde of ge\u00efrriteerde gezichtshuid te hydrateren en te kalmeren.\u00a0De luxueuze plantaardige oli\u00ebn in de samenstelling verzachten, voeden de huid en brengen een film aan die voorkomt dat vocht het huidoppervlak verlaat.De aftershavecr\u00e8me voor mannen is aangevuld met essenti\u00eble oli\u00ebn die een aangename houtachtige en citrusgeur cre\u00ebren.\u00a0Deze cr\u00e8me is gemaakt met een rijke mannelijke geur en geeft stevigheid en aromatherapievoordelen bij gebruik als aftershave.\u00a0De cr\u00e8me bevat geen schadelijke parabenen, siliconen, ftalaten, minerale olie of andere chemische conserveermiddelen en additieven.<\/p>\n<p>Alo\u00eb vera-gel wordt al eeuwenlang gebruikt en staat bekend om zijn helende eigenschappen en wordt nu op grote schaal gebruikt in de moderne cosmetische industrie.\u00a0Door regelmatig alo\u00eb vera-gel te gebruiken, kunnen we verschillende huidproblemen helpen oplossen: acne, eczeem, zonnebrand.\u00a0Het is een sterke antioxidant die helpt beschermen tegen negatieve factoren.\u00a0Alo\u00eb vera-gel is rijk aan vitamine A, C, E, B12, Choline, antioxidanten (noodzakelijk om vrije radicalen te neutraliseren), verschillende enzymen die nodig zijn voor de huid.\u00a0Alo\u00eb vera is ook rijk aan de mineralen calcium, chroom, koper, selenium, magnesium, mangaan, kalium, natrium en zink.<\/p>\n<p>In wetenschappelijke studies is bewezen dat Alo\u00eb vera-gel kan helpen bij de behandeling van een acnegevoelige huid &#8211; acne, het is het meest geschikt voor oppervlakkige acne, helpt wonden sneller genezen, heeft een ontstekingsremmende werking, omdat het stoffen bevat die nodig zijn om schimmels en bacteri\u00ebn bestrijden.<\/p>\n<p>Modern wetenschappelijk onderzoek bevestigt ook het vermogen van alo\u00eb vera-gel om diep te hydrateren en de droge huid te helpen vocht vast te houden, waardoor huidverouderingsprocessen worden verminderd.\u00a0Alo\u00eb vera-gel geeft de huid elasticiteit en vermindert rimpels, het zink in alo\u00eb verkleint de pori\u00ebn.<\/p>\n<p>Calendula wordt gewaardeerd om zijn bijzonder sterke helende eigenschappen.\u00a0Het drinken van goudsbloemthee, kompressen met goudsbloemen, verschillende cosmetica, cr\u00e8mes met goudsbloemen kunnen allemaal het lichaam verdoven en genezen in geval van verschillende verwondingen.\u00a0Wetenschappelijke artikelen erkennen het gebruik van calendula en helpen bij problematische huid, eczeem, psoriasis, diverse huidlaesies of brandwonden, aangezien calendula de huid helpt sneller te regenereren en wondgenezing bevordert, een ontstekingsremmende en antiseptische werking heeft.\u00a0Zacht en geschikt, zelfs in babyhuidverzorgingsproducten.\u00a0Calendula-bloemolie kan op de huid worden aangebracht, omdat het pijn, menstruatiekrampen kan verminderen en vermoeide spieren kan ontspannen.\u00a0Calendula bevat veel antioxidanten, dus cr\u00e8mes met calendula worden vooral gewaardeerd om het verouderingsproces te stoppen.<\/p>\n<p>De essenti\u00eble olie van LAVENDEL die in de samenstelling wordt gebruikt, kalmeert de ge\u00efrriteerde huid, biedt antibacteri\u00eble en antiseptische eigenschappen, essenti\u00eble olie van BERGAMOTE helpt kleine krasjes te genezen, heeft een ontstekingsremmende werking, verlevendigt en verheldert de huid, essenti\u00eble olie van KAMILLE kalmeert, vermindert rimpels en helpt acne- gevoelige huid.\u00a0De essenti\u00eble olie van SANDELHOUT die in de samenstelling wordt gebruikt, geeft de huid zachtheid en elasticiteit en wordt vooral gewaardeerd vanwege zijn huidverjongende eigenschappen.<\/p>\n<p><strong>S\u00e5dan bruger du den:<\/strong>\u00a0Breng &#8217;s ochtends\/&#8217;s avonds voorzichtig een kleine hoeveelheid cr\u00e8me aan op het gezicht met de vingertoppen op een vochtige huid of na het scheren.<\/p>","protected":false},"excerpt":{"rendered":"<p>Det er en naturligt fugtgivende, velduftende og luksuri\u00f8s aftershave til m\u00e6nd. Vi tilbyder en creme, der perfekt opfylder alle de funktioner, som enhver mand \u00f8nsker efter barbering. Den fugter i dybden, bl\u00f8dg\u00f8r og heler pletter, reducerer rynker og bremser aldring.<\/p>","protected":false},"featured_media":421,"comment_status":"closed","ping_status":"closed","template":"","meta":[],"product_cat":[58,23,80,63,25],"product_tag":[],"class_list":{"0":"post-125","1":"product","2":"type-product","3":"status-publish","4":"has-post-thumbnail","6":"product_cat-aloe-vera","7":"product_cat-natuurlijke-gezichtsverzorging","8":"product_cat-mannelijke-gezichtsverzorging","9":"product_cat-mannelijke-lichaamsverzorging","10":"product_cat-natuurlijke-gezichtscreme","12":"first","13":"instock","14":"shipping-taxable","15":"purchasable","16":"product-type-simple"},"_links":{"self":[{"href":"https:\/\/purehealthstore.eu\/dk\/wp-json\/wp\/v2\/product\/125","targetHints":{"allow":["GET"]}}],"collection":[{"href":"https:\/\/purehealthstore.eu\/dk\/wp-json\/wp\/v2\/product"}],"about":[{"href":"https:\/\/purehealthstore.eu\/dk\/wp-json\/wp\/v2\/types\/product"}],"replies":[{"embeddable":true,"href":"https:\/\/purehealthstore.eu\/dk\/wp-json\/wp\/v2\/comments?post=125"}],"wp:featuredmedia":[{"embeddable":true,"href":"https:\/\/purehealthstore.eu\/dk\/wp-json\/wp\/v2\/media\/421"}],"wp:attachment":[{"href":"https:\/\/purehealthstore.eu\/dk\/wp-json\/wp\/v2\/media?parent=125"}],"wp:term":[{"taxonomy":"product_cat","embeddable":true,"href":"https:\/\/purehealthstore.eu\/dk\/wp-json\/wp\/v2\/product_cat?post=125"},{"taxonomy":"product_tag","embeddable":true,"href":"https:\/\/purehealthstore.eu\/dk\/wp-json\/wp\/v2\/product_tag?post=125"}],"curies":[{"name":"wp","href":"https:\/\/api.w.org\/{rel}","templated":true}]}}