{"id":100,"date":"2023-06-10T20:11:52","date_gmt":"2023-06-10T20:11:52","guid":{"rendered":"https:\/\/purehealthstore.eu\/?product=natuurlijke-douchegel-voor-mannen-evergetikon"},"modified":"2025-03-02T08:34:25","modified_gmt":"2025-03-02T08:34:25","slug":"natuurlijke-douchegel-voor-mannen-evergetikon","status":"publish","type":"product","link":"https:\/\/purehealthstore.eu\/dk\/shop\/natuurlijke-douchegel-voor-mannen-evergetikon\/","title":{"rendered":"Naturlig shower gel - Til m\u00e6nd - Evergetikon"},"content":{"rendered":"<p>Evergetikon douchegel voor mannen bevat natuurlijke ingredi\u00ebnten van plantaardige oorsprong. De douchegel is rijk aan alo\u00eb vera, olijfolie, duindoorn, calendula-extract en arganolie. Deze natuurlijke ingredi\u00ebnten zijn perfect voor de droge, gevoelige huid, voor het hele gezin. Alo\u00eb vera hydrateert en onderhoudt de natuurlijke vochtbalans van de huid. Duindoorn kalmeert en revitaliseert de ge\u00efrriteerde huid, bevordert de regeneratie van de huid. Natuurlijke oli\u00ebn olijfolie en arganolie reinigen de huid voorzichtig, verwijderen opgehoopt vuil en vet op het huidoppervlak. Oli\u00ebn verkregen uit de natuur voorkomen de verwijdering van natuurlijke huidoli\u00ebn die nodig zijn voor huidbescherming, verzachten de huid.<\/p>\n<p>Gebruik: giet een kleine hoeveelheid douchegel op een natte spons en masseer zachtjes de huid van het lichaam. Grondig spoelen met water.<\/p>\n<p>Bij een extreem gevoelige, droge huid na het douchen of baden raden we aan om de nog vochtige lichaamshuid extra in te smeren met natuurlijke oli\u00ebn die het vocht in de huid vasthouden, het huidoppervlak verzachten en zorgen voor zachtheid en elasticiteit. Natuurlijke oli\u00ebn worden gemakkelijk door het huidoppervlak opgenomen, waardoor de huid glanzend en zacht wordt.<\/p>","protected":false},"excerpt":{"rendered":"<ul>\n<li class=\"text-body font-regular leading-[24px] pt-[9px] pb-[2px]\"><strong class=\"font-bold\">100% natuurlijke ingredi\u00ebnten<\/strong> \u2013 Verrijkt met alo\u00eb vera, olijfolie en arganolie, perfect voor het hydrateren en verzachten van de huid zonder schadelijke chemicali\u00ebn.<\/li>\n<li class=\"text-body font-regular leading-[24px] pt-[9px] pb-[2px]\"><strong class=\"font-bold\">Speciaal voor de droge en gevoelige huid<\/strong> \u2013 Deze douchegel kalmeert, herstelt en beschermt, ideaal voor mannen die behoefte hebben aan milde verzorging.<\/li>\n<li class=\"text-body font-regular leading-[24px] pt-[9px] pb-[2px]\"><strong class=\"font-bold\">Spa-ervaring onder de douche<\/strong> \u2013 De verkwikkende geur van dennenhout, wierook en sandelhout zorgt voor een luxe en ontspannend moment, elke dag weer.<\/li>\n<\/ul>","protected":false},"featured_media":99,"comment_status":"closed","ping_status":"closed","template":"","meta":[],"product_cat":[63,62,64],"product_tag":[],"class_list":{"0":"post-100","1":"product","2":"type-product","3":"status-publish","4":"has-post-thumbnail","6":"product_cat-mannelijke-lichaamsverzorging","7":"product_cat-natuurlijke-douchegel","8":"product_cat-voor-mannen","10":"first","11":"instock","12":"shipping-taxable","13":"purchasable","14":"product-type-simple"},"_links":{"self":[{"href":"https:\/\/purehealthstore.eu\/dk\/wp-json\/wp\/v2\/product\/100","targetHints":{"allow":["GET"]}}],"collection":[{"href":"https:\/\/purehealthstore.eu\/dk\/wp-json\/wp\/v2\/product"}],"about":[{"href":"https:\/\/purehealthstore.eu\/dk\/wp-json\/wp\/v2\/types\/product"}],"replies":[{"embeddable":true,"href":"https:\/\/purehealthstore.eu\/dk\/wp-json\/wp\/v2\/comments?post=100"}],"wp:featuredmedia":[{"embeddable":true,"href":"https:\/\/purehealthstore.eu\/dk\/wp-json\/wp\/v2\/media\/99"}],"wp:attachment":[{"href":"https:\/\/purehealthstore.eu\/dk\/wp-json\/wp\/v2\/media?parent=100"}],"wp:term":[{"taxonomy":"product_cat","embeddable":true,"href":"https:\/\/purehealthstore.eu\/dk\/wp-json\/wp\/v2\/product_cat?post=100"},{"taxonomy":"product_tag","embeddable":true,"href":"https:\/\/purehealthstore.eu\/dk\/wp-json\/wp\/v2\/product_tag?post=100"}],"curies":[{"name":"wp","href":"https:\/\/api.w.org\/{rel}","templated":true}]}}