{"id":8,"date":"2024-09-20T19:00:21","date_gmt":"2024-09-20T19:00:21","guid":{"rendered":"https:\/\/purehealthstore.eu\/?page_id=8"},"modified":"2024-11-27T18:06:30","modified_gmt":"2024-11-27T18:06:30","slug":"cart","status":"publish","type":"page","link":"https:\/\/purehealthstore.eu\/dk\/cart\/","title":{"rendered":"Cart"},"content":{"rendered":"<div data-block-name=\"woocommerce\/cart\" class=\"wp-block-woocommerce-cart alignwide is-loading\"><div data-block-name=\"woocommerce\/filled-cart-block\" class=\"wp-block-woocommerce-filled-cart-block\"><div data-block-name=\"woocommerce\/cart-items-block\" class=\"wp-block-woocommerce-cart-items-block\"><div data-block-name=\"woocommerce\/cart-line-items-block\" class=\"wp-block-woocommerce-cart-line-items-block\"><\/div>\n\n<div data-block-name=\"woocommerce\/cart-cross-sells-block\" class=\"wp-block-woocommerce-cart-cross-sells-block\"><h2 class=\"wp-block-heading has-large-font-size\">Du er m\u00e5ske interesseret i...<\/h2>\n\n<div data-block-name=\"woocommerce\/cart-cross-sells-products-block\" class=\"wp-block-woocommerce-cart-cross-sells-products-block\"><\/div><\/div><\/div>\n\n<div data-block-name=\"woocommerce\/cart-totals-block\" class=\"wp-block-woocommerce-cart-totals-block\"><div data-block-name=\"woocommerce\/cart-order-summary-block\" class=\"wp-block-woocommerce-cart-order-summary-block\"><div data-block-name=\"woocommerce\/cart-order-summary-heading-block\" class=\"wp-block-woocommerce-cart-order-summary-heading-block\"><\/div><div data-block-name=\"woocommerce\/cart-order-summary-coupon-form-block\" class=\"wp-block-woocommerce-cart-order-summary-coupon-form-block\"><\/div><div data-block-name=\"woocommerce\/cart-order-summary-totals-block\" class=\"wp-block-woocommerce-cart-order-summary-totals-block\">\n<div data-block-name=\"woocommerce\/cart-order-summary-subtotal-block\" class=\"wp-block-woocommerce-cart-order-summary-subtotal-block\"><\/div>\n<div data-block-name=\"woocommerce\/cart-order-summary-discount-block\" class=\"wp-block-woocommerce-cart-order-summary-discount-block\"><\/div>\n<div data-block-name=\"woocommerce\/cart-order-summary-fee-block\" class=\"wp-block-woocommerce-cart-order-summary-fee-block\"><\/div>\n<div data-block-name=\"woocommerce\/cart-order-summary-shipping-block\" class=\"wp-block-woocommerce-cart-order-summary-shipping-block\"><\/div>\n<div data-block-name=\"woocommerce\/cart-order-summary-taxes-block\" class=\"wp-block-woocommerce-cart-order-summary-taxes-block\"><\/div><\/div><\/div>\n\n<div data-block-name=\"woocommerce\/cart-express-payment-block\" class=\"wp-block-woocommerce-cart-express-payment-block\"><\/div>\n\n<div data-block-name=\"woocommerce\/proceed-to-checkout-block\" class=\"wp-block-woocommerce-proceed-to-checkout-block\"><\/div>\n\n<div data-block-name=\"woocommerce\/cart-accepted-payment-methods-block\" class=\"wp-block-woocommerce-cart-accepted-payment-methods-block\"><\/div><\/div><\/div>\n\n<div data-block-name=\"woocommerce\/empty-cart-block\" class=\"wp-block-woocommerce-empty-cart-block\"><h2 class=\"wp-block-heading has-text-align-center with-empty-cart-icon wc-block-cart__empty-cart__title\">Din indk\u00f8bskurv er i \u00f8jeblikket tom!<\/h2>\n\n<hr class=\"wp-block-separator has-alpha-channel-opacity is-style-dots\"\/>\n\n<h2 class=\"wp-block-heading has-text-align-center\">Nyt i butikken<\/h2>\n\n<div data-block-name=\"woocommerce\/product-new\" data-columns=\"4\" data-rows=\"1\" class=\"wc-block-grid wp-block-product-new wc-block-product-new has-4-columns\"><ul class=\"wc-block-grid__products\"><li class=\"wc-block-grid__product\">\n\t\t\t\t<a href=\"https:\/\/purehealthstore.eu\/dk\/shop\/aloe-vera-creme-aloe-vera-serum\/\" class=\"wc-block-grid__product-link\">\n\t\t\t\t\t\n\t\t\t\t\t<div class=\"wc-block-grid__product-image\"><img fetchpriority=\"high\" decoding=\"async\" width=\"300\" height=\"300\" src=\"https:\/\/purehealthstore.eu\/wp-content\/uploads\/2025\/01\/aloe-vera-creme-serum-evergetikon-300x300.png\" class=\"attachment-woocommerce_thumbnail size-woocommerce_thumbnail\" alt=\"Alo\u00eb Vera cr\u00e8me + Alo\u00eb Vera serum\" srcset=\"https:\/\/purehealthstore.eu\/wp-content\/uploads\/2025\/01\/aloe-vera-creme-serum-evergetikon-300x300.png 300w, https:\/\/purehealthstore.eu\/wp-content\/uploads\/2025\/01\/aloe-vera-creme-serum-evergetikon-150x150.png 150w, https:\/\/purehealthstore.eu\/wp-content\/uploads\/2025\/01\/aloe-vera-creme-serum-evergetikon-600x600.png 600w\" sizes=\"(max-width: 300px) 100vw, 300px\" \/><\/div>\n\t\t\t\t\t<div class=\"wc-block-grid__product-title\">Alo\u00eb Vera cr\u00e8me + Alo\u00eb Vera serum<\/div>\n\t\t\t\t<\/a>\n\t\t\t\t<div class=\"wc-block-grid__product-price price\"><span class=\"woocommerce-Price-amount amount\"><span class=\"woocommerce-Price-currencySymbol\">\u20ac<\/span>&nbsp;59,95<\/span><\/div>\n\t\t\t\t\n\t\t\t\t<div class=\"wp-block-button wc-block-grid__product-add-to-cart\"><a href=\"?add-to-cart=425\" aria-label=\"L\u00e6g i kurv: &quot;Alo\u00eb Vera cr\u00e8me + Alo\u00eb Vera serum&quot;\" data-quantity=\"1\" data-product_id=\"425\" data-product_sku=\"\" data-price=\"59.95\" rel=\"nofollow\" class=\"wp-block-button__link  add_to_cart_button ajax_add_to_cart\" data-no-translation=\"\" data-trp-gettext=\"\" data-no-translation-aria-label=\"\">L\u00e6g i kurv<\/a><\/div>\n\t\t\t<\/li><li class=\"wc-block-grid__product\">\n\t\t\t\t<a href=\"https:\/\/purehealthstore.eu\/dk\/shop\/rose-de-mai-elixir-100-natuurlijk-evergetikon\/\" class=\"wc-block-grid__product-link\">\n\t\t\t\t\t\n\t\t\t\t\t<div class=\"wc-block-grid__product-image\"><img decoding=\"async\" width=\"300\" height=\"300\" src=\"https:\/\/purehealthstore.eu\/wp-content\/uploads\/woocommerce-placeholder-300x300.png\" class=\"woocommerce-placeholder wp-post-image\" alt=\"\" srcset=\"https:\/\/purehealthstore.eu\/wp-content\/uploads\/woocommerce-placeholder-300x300.png 300w, https:\/\/purehealthstore.eu\/wp-content\/uploads\/woocommerce-placeholder-600x600.png 600w, https:\/\/purehealthstore.eu\/wp-content\/uploads\/woocommerce-placeholder-1024x1024.png 1024w, https:\/\/purehealthstore.eu\/wp-content\/uploads\/woocommerce-placeholder-150x150.png 150w, https:\/\/purehealthstore.eu\/wp-content\/uploads\/woocommerce-placeholder-768x768.png 768w, https:\/\/purehealthstore.eu\/wp-content\/uploads\/woocommerce-placeholder.png 1200w\" sizes=\"(max-width: 300px) 100vw, 300px\" \/><\/div>\n\t\t\t\t\t<div class=\"wc-block-grid__product-title\">Rose de mai elixir &#8211; 100% natuurlijk &#8211; Evergetikon<\/div>\n\t\t\t\t<\/a>\n\t\t\t\t<div class=\"wc-block-grid__product-price price\"><span class=\"woocommerce-Price-amount amount\"><span class=\"woocommerce-Price-currencySymbol\">\u20ac<\/span>&nbsp;32,95<\/span><\/div>\n\t\t\t\t\n\t\t\t\t<div class=\"wp-block-button wc-block-grid__product-add-to-cart\"><a href=\"?add-to-cart=423\" aria-label=\"L\u00e6g i kurv: &quot;Rose de mai elixir - 100% natuurlijk - Evergetikon&quot;\" data-quantity=\"1\" data-product_id=\"423\" data-product_sku=\"\" data-price=\"32.95\" rel=\"nofollow\" class=\"wp-block-button__link  add_to_cart_button ajax_add_to_cart\" data-no-translation=\"\" data-trp-gettext=\"\" data-no-translation-aria-label=\"\">L\u00e6g i kurv<\/a><\/div>\n\t\t\t<\/li><li class=\"wc-block-grid__product\">\n\t\t\t\t<a href=\"https:\/\/purehealthstore.eu\/dk\/shop\/etherische-olie-set-van-eucalyptus-rozemarijn-pepermunt\/\" class=\"wc-block-grid__product-link\">\n\t\t\t\t\t\n\t\t\t\t\t<div class=\"wc-block-grid__product-image\"><img decoding=\"async\" width=\"300\" height=\"300\" src=\"https:\/\/purehealthstore.eu\/wp-content\/uploads\/2024\/11\/etherische-olie-set-2-300x300.png\" class=\"attachment-woocommerce_thumbnail size-woocommerce_thumbnail\" alt=\"Etherische olie - set van eucalyptus, rozemarijn, pepermunt\" srcset=\"https:\/\/purehealthstore.eu\/wp-content\/uploads\/2024\/11\/etherische-olie-set-2-300x300.png 300w, https:\/\/purehealthstore.eu\/wp-content\/uploads\/2024\/11\/etherische-olie-set-2-150x150.png 150w, https:\/\/purehealthstore.eu\/wp-content\/uploads\/2024\/11\/etherische-olie-set-2-600x600.png 600w\" sizes=\"(max-width: 300px) 100vw, 300px\" \/><\/div>\n\t\t\t\t\t<div class=\"wc-block-grid__product-title\">\u00c6terisk olie - s\u00e6t med eukalyptus, rosmarin, pebermynte<\/div>\n\t\t\t\t<\/a>\n\t\t\t\t<div class=\"wc-block-grid__product-price price\"><span class=\"woocommerce-Price-amount amount\"><span class=\"woocommerce-Price-currencySymbol\">\u20ac<\/span>&nbsp;21,95<\/span><\/div>\n\t\t\t\t\n\t\t\t\t<div class=\"wp-block-button wc-block-grid__product-add-to-cart\"><a href=\"?add-to-cart=49\" aria-label=\"L\u00e6g i kurv: &quot;Etherische olie - set van eucalyptus, rozemarijn, pepermunt&quot;\" data-quantity=\"1\" data-product_id=\"49\" data-product_sku=\"\" data-price=\"21.95\" rel=\"nofollow\" class=\"wp-block-button__link  add_to_cart_button ajax_add_to_cart\" data-no-translation=\"\" data-trp-gettext=\"\" data-no-translation-aria-label=\"\">L\u00e6g i kurv<\/a><\/div>\n\t\t\t<\/li><li class=\"wc-block-grid__product\">\n\t\t\t\t<a href=\"https:\/\/purehealthstore.eu\/dk\/shop\/evergetikon-rozemarijnolie-500-ml\/\" class=\"wc-block-grid__product-link\">\n\t\t\t\t\t\n\t\t\t\t\t<div class=\"wc-block-grid__product-image\"><img loading=\"lazy\" decoding=\"async\" width=\"300\" height=\"300\" src=\"https:\/\/purehealthstore.eu\/wp-content\/uploads\/2024\/10\/evergetikon-rozemarijnolie-500ml-300x300.jpg\" class=\"attachment-woocommerce_thumbnail size-woocommerce_thumbnail\" alt=\"evergetikon rozemarijnolie 500ml\" srcset=\"https:\/\/purehealthstore.eu\/wp-content\/uploads\/2024\/10\/evergetikon-rozemarijnolie-500ml-300x300.jpg 300w, https:\/\/purehealthstore.eu\/wp-content\/uploads\/2024\/10\/evergetikon-rozemarijnolie-500ml-150x150.jpg 150w\" sizes=\"(max-width: 300px) 100vw, 300px\" \/><\/div>\n\t\t\t\t\t<div class=\"wc-block-grid__product-title\">Evergetikon - Rosmarinolie - 500 ml<\/div>\n\t\t\t\t<\/a>\n\t\t\t\t<div class=\"wc-block-grid__product-price price\"><span class=\"woocommerce-Price-amount amount\"><span class=\"woocommerce-Price-currencySymbol\">\u20ac<\/span>&nbsp;84,95<\/span><\/div>\n\t\t\t\t<div class=\"wc-block-grid__product-rating\"><div class=\"star-rating\" role=\"img\" aria-label=\"Bed\u00f8mt 5.00 ud af 5\" data-no-translation-aria-label=\"\"><span style=\"width:100%\" data-no-translation=\"\" data-trp-gettext=\"\">Bed\u00f8mt som <strong class=\"rating\">5.00<\/strong> ud af 5 baseret p\u00e5 <span class=\"rating\">1<\/span> kundebed\u00f8mmelse<\/span><\/div><\/div>\n\t\t\t\t<div class=\"wp-block-button wc-block-grid__product-add-to-cart\"><a href=\"?add-to-cart=25\" aria-label=\"L\u00e6g i kurv: &quot;Evergetikon - Rozemarijnolie - 500 ml&quot;\" data-quantity=\"1\" data-product_id=\"25\" data-product_sku=\"\" data-price=\"84.95\" rel=\"nofollow\" class=\"wp-block-button__link  add_to_cart_button ajax_add_to_cart\" data-no-translation=\"\" data-trp-gettext=\"\" data-no-translation-aria-label=\"\">L\u00e6g i kurv<\/a><\/div>\n\t\t\t<\/li><\/ul><\/div><\/div><\/div>","protected":false},"excerpt":{"rendered":"","protected":false},"author":1,"featured_media":0,"parent":0,"menu_order":0,"comment_status":"closed","ping_status":"closed","template":"","meta":{"footnotes":""},"class_list":["post-8","page","type-page","status-publish","hentry"],"_links":{"self":[{"href":"https:\/\/purehealthstore.eu\/dk\/wp-json\/wp\/v2\/pages\/8","targetHints":{"allow":["GET"]}}],"collection":[{"href":"https:\/\/purehealthstore.eu\/dk\/wp-json\/wp\/v2\/pages"}],"about":[{"href":"https:\/\/purehealthstore.eu\/dk\/wp-json\/wp\/v2\/types\/page"}],"author":[{"embeddable":true,"href":"https:\/\/purehealthstore.eu\/dk\/wp-json\/wp\/v2\/users\/1"}],"replies":[{"embeddable":true,"href":"https:\/\/purehealthstore.eu\/dk\/wp-json\/wp\/v2\/comments?post=8"}],"version-history":[{"count":1,"href":"https:\/\/purehealthstore.eu\/dk\/wp-json\/wp\/v2\/pages\/8\/revisions"}],"predecessor-version":[{"id":12,"href":"https:\/\/purehealthstore.eu\/dk\/wp-json\/wp\/v2\/pages\/8\/revisions\/12"}],"wp:attachment":[{"href":"https:\/\/purehealthstore.eu\/dk\/wp-json\/wp\/v2\/media?parent=8"}],"curies":[{"name":"wp","href":"https:\/\/api.w.org\/{rel}","templated":true}]}}